{"id":3052,"date":"2025-08-21T10:52:20","date_gmt":"2025-08-21T07:52:20","guid":{"rendered":"https:\/\/stokcivata.com\/?post_type=product&#038;p=3052"},"modified":"2026-01-27T13:46:04","modified_gmt":"2026-01-27T10:46:04","slug":"din-933-altikose-basli-a2-paslanmaz-civata","status":"publish","type":"product","link":"https:\/\/stokcivata.com\/?product=din-933-altikose-basli-a2-paslanmaz-civata","title":{"rendered":"DIN 933 Alt\u0131k\u00f6\u015fe Ba\u015fl\u0131 A2 Paslanmaz C\u0131vata"},"content":{"rendered":"\n<p id=\"wd-0a214bf0\" class=\"wp-block-wd-paragraph\"><strong>DIN 931 \u2013 A2 Paslanmaz \u00c7elik Alt\u0131k\u00f6\u015fe Ba\u015fl\u0131 C\u0131vata<\/strong><\/p>\n\n\n\n<p id=\"wd-d8ce75c2\" class=\"wp-block-wd-paragraph\">A2 kalite paslanmaz c\u0131vatalar, <strong>genel d\u0131\u015f ortam kullan\u0131mlar\u0131<\/strong> i\u00e7in en yayg\u0131n \u00e7\u00f6z\u00fcmd\u00fcr.<\/p>\n\n\n\n<ul class=\"wp-block-list\">\n<li><strong>Malzeme &amp; Dayan\u0131m:<\/strong> A2 (304 kalite) paslanmaz \u00e7elikten \u00fcretilir. Orta derecede mukavemet sunar, korozyona kar\u015f\u0131 g\u00fcvenilir koruma sa\u011flar.<\/li>\n\n\n\n<li><strong>Kullan\u0131m Alan\u0131:<\/strong> \u0130n\u015faat, makine montaj\u0131, mobilya, d\u0131\u015f cephe uygulamalar\u0131 ve nemli ortamlar.<\/li>\n\n\n\n<li><strong>Avantaj\u0131:<\/strong> Paslanmaya kar\u015f\u0131 dayan\u0131kl\u0131, uzun \u00f6m\u00fcrl\u00fc ba\u011flant\u0131lar sa\u011flar. Genel ama\u00e7l\u0131 paslanmaz \u00e7\u00f6z\u00fcm.<\/li>\n<\/ul>\n\n\n\n<p><\/p>\n\n","protected":false},"excerpt":{"rendered":"[html_block id=\"3037\"]\n","protected":false},"featured_media":42394,"template":"","meta":[],"product_brand":[],"product_cat":[1070],"product_tag":[],"class_list":{"0":"post-3052","1":"product","2":"type-product","3":"status-publish","4":"has-post-thumbnail","6":"product_cat-paslanmaz-altikosebasli-civatalar","7":"pa_kalite-a2-304","8":"pa_kaplama-paslanmaz","10":"first","11":"instock","12":"shipping-taxable","13":"purchasable","14":"product-type-variable"},"_links":{"self":[{"href":"https:\/\/stokcivata.com\/index.php?rest_route=\/wp\/v2\/product\/3052","targetHints":{"allow":["GET"]}}],"collection":[{"href":"https:\/\/stokcivata.com\/index.php?rest_route=\/wp\/v2\/product"}],"about":[{"href":"https:\/\/stokcivata.com\/index.php?rest_route=\/wp\/v2\/types\/product"}],"wp:featuredmedia":[{"embeddable":true,"href":"https:\/\/stokcivata.com\/index.php?rest_route=\/wp\/v2\/media\/42394"}],"wp:attachment":[{"href":"https:\/\/stokcivata.com\/index.php?rest_route=%2Fwp%2Fv2%2Fmedia&parent=3052"}],"wp:term":[{"taxonomy":"product_brand","embeddable":true,"href":"https:\/\/stokcivata.com\/index.php?rest_route=%2Fwp%2Fv2%2Fproduct_brand&post=3052"},{"taxonomy":"product_cat","embeddable":true,"href":"https:\/\/stokcivata.com\/index.php?rest_route=%2Fwp%2Fv2%2Fproduct_cat&post=3052"},{"taxonomy":"product_tag","embeddable":true,"href":"https:\/\/stokcivata.com\/index.php?rest_route=%2Fwp%2Fv2%2Fproduct_tag&post=3052"}],"curies":[{"name":"wp","href":"https:\/\/api.w.org\/{rel}","templated":true}]}}