{"id":37500,"date":"2025-10-09T10:25:34","date_gmt":"2025-10-09T07:25:34","guid":{"rendered":"https:\/\/stokcivata.com\/?post_type=product&#038;p=37500"},"modified":"2026-01-27T14:19:10","modified_gmt":"2026-01-27T11:19:10","slug":"din-7991-havsa-basli-imbus-a2-civata","status":"publish","type":"product","link":"https:\/\/stokcivata.com\/?product=din-7991-havsa-basli-imbus-a2-civata","title":{"rendered":"DIN 7991 Hav\u015fa Ba\u015fl\u0131 \u0130mbus A2 Paslanmaz C\u0131vata"},"content":{"rendered":"<p><strong>DIN 7991 Hav\u015fa Ba\u015fl\u0131 \u0130mbus C\u0131vata<\/strong> konik ba\u015f\u0131 sayesinde y\u00fczeye s\u0131f\u0131r oturur ve estetik bir g\u00f6r\u00fcn\u00fcm sa\u011flar. <strong>A2 A4 paslanmaz \u00e7elik<\/strong> malzeme ile korozyona kar\u015f\u0131 diren\u00e7lidir. <em>Makine kasalar\u0131 mobilya metal dekorasyon havac\u0131l\u0131k ve marin<\/em> uygulamalar\u0131nda tercih edilir. A2 genel kullan\u0131m A4 deniz suyu ve kimyasal ortamlarda y\u00fcksek performans verir.<\/p>\n","protected":false},"excerpt":{"rendered":"[html_block id=\"1615\"]\n","protected":false},"featured_media":42407,"template":"","meta":[],"product_brand":[],"product_cat":[1073],"product_tag":[],"class_list":{"0":"post-37500","1":"product","2":"type-product","3":"status-publish","4":"has-post-thumbnail","6":"product_cat-paslanmaz-imbus-basli-civatalar","7":"pa_kalite-a2-304","8":"pa_kaplama-paslanmaz","10":"first","11":"instock","12":"shipping-taxable","13":"purchasable","14":"product-type-variable"},"_links":{"self":[{"href":"https:\/\/stokcivata.com\/index.php?rest_route=\/wp\/v2\/product\/37500","targetHints":{"allow":["GET"]}}],"collection":[{"href":"https:\/\/stokcivata.com\/index.php?rest_route=\/wp\/v2\/product"}],"about":[{"href":"https:\/\/stokcivata.com\/index.php?rest_route=\/wp\/v2\/types\/product"}],"wp:featuredmedia":[{"embeddable":true,"href":"https:\/\/stokcivata.com\/index.php?rest_route=\/wp\/v2\/media\/42407"}],"wp:attachment":[{"href":"https:\/\/stokcivata.com\/index.php?rest_route=%2Fwp%2Fv2%2Fmedia&parent=37500"}],"wp:term":[{"taxonomy":"product_brand","embeddable":true,"href":"https:\/\/stokcivata.com\/index.php?rest_route=%2Fwp%2Fv2%2Fproduct_brand&post=37500"},{"taxonomy":"product_cat","embeddable":true,"href":"https:\/\/stokcivata.com\/index.php?rest_route=%2Fwp%2Fv2%2Fproduct_cat&post=37500"},{"taxonomy":"product_tag","embeddable":true,"href":"https:\/\/stokcivata.com\/index.php?rest_route=%2Fwp%2Fv2%2Fproduct_tag&post=37500"}],"curies":[{"name":"wp","href":"https:\/\/api.w.org\/{rel}","templated":true}]}}