{"id":37510,"date":"2025-10-09T10:25:58","date_gmt":"2025-10-09T07:25:58","guid":{"rendered":"https:\/\/stokcivata.com\/?post_type=product&#038;p=37510"},"modified":"2026-01-27T14:32:50","modified_gmt":"2026-01-27T11:32:50","slug":"din-913-duz-uclu-a2-paslanmaz-setskur-vida","status":"publish","type":"product","link":"https:\/\/stokcivata.com\/?product=din-913-duz-uclu-a2-paslanmaz-setskur-vida","title":{"rendered":"DIN 913 D\u00fcz U\u00e7lu A2 Paslanmaz Setskur Vida"},"content":{"rendered":"<p><strong>DIN 913 Alyan Vidali D\u00fcz U\u00e7lu Setskur<\/strong> bask\u0131 y\u00fczeyi d\u00fcz olan sabitleme vidas\u0131d\u0131r hassas y\u00fczeylerde zarar vermeden tutu\u015f sa\u011flar. <strong>A2 A4 paslanmaz \u00e7elik<\/strong> se\u00e7enekler korozyona dayan\u0131kl\u0131d\u0131r. <em>Makine milleri bur\u00e7lar di\u015fliler ve ekipman sabitlemeleri<\/em> i\u00e7in uygundur. A2 genel A4 deniz ve klor\u00fcrl\u00fc ortamlarda daha dayan\u0131kl\u0131d\u0131r.<\/p>\n","protected":false},"excerpt":{"rendered":"[html_block id=\"2668\"]\n","protected":false},"featured_media":42415,"template":"","meta":[],"product_brand":[],"product_cat":[1074],"product_tag":[2104],"class_list":{"0":"post-37510","1":"product","2":"type-product","3":"status-publish","4":"has-post-thumbnail","6":"product_cat-paslanmaz-setskur-vidalar","7":"product_tag-standart-dis","8":"pa_kalite-a2-304","9":"pa_kaplama-paslanmaz","11":"first","12":"instock","13":"shipping-taxable","14":"purchasable","15":"product-type-variable"},"_links":{"self":[{"href":"https:\/\/stokcivata.com\/index.php?rest_route=\/wp\/v2\/product\/37510","targetHints":{"allow":["GET"]}}],"collection":[{"href":"https:\/\/stokcivata.com\/index.php?rest_route=\/wp\/v2\/product"}],"about":[{"href":"https:\/\/stokcivata.com\/index.php?rest_route=\/wp\/v2\/types\/product"}],"wp:featuredmedia":[{"embeddable":true,"href":"https:\/\/stokcivata.com\/index.php?rest_route=\/wp\/v2\/media\/42415"}],"wp:attachment":[{"href":"https:\/\/stokcivata.com\/index.php?rest_route=%2Fwp%2Fv2%2Fmedia&parent=37510"}],"wp:term":[{"taxonomy":"product_brand","embeddable":true,"href":"https:\/\/stokcivata.com\/index.php?rest_route=%2Fwp%2Fv2%2Fproduct_brand&post=37510"},{"taxonomy":"product_cat","embeddable":true,"href":"https:\/\/stokcivata.com\/index.php?rest_route=%2Fwp%2Fv2%2Fproduct_cat&post=37510"},{"taxonomy":"product_tag","embeddable":true,"href":"https:\/\/stokcivata.com\/index.php?rest_route=%2Fwp%2Fv2%2Fproduct_tag&post=37510"}],"curies":[{"name":"wp","href":"https:\/\/api.w.org\/{rel}","templated":true}]}}