{"id":37527,"date":"2025-10-09T10:26:33","date_gmt":"2025-10-09T07:26:33","guid":{"rendered":"https:\/\/stokcivata.com\/?post_type=product&#038;p=37527"},"modified":"2026-01-27T14:36:09","modified_gmt":"2026-01-27T11:36:09","slug":"din-6798a-tirtil-rondela-a2-paslanmaz","status":"publish","type":"product","link":"https:\/\/stokcivata.com\/?product=din-6798a-tirtil-rondela-a2-paslanmaz","title":{"rendered":"Din 6798A Tirtil Rondela A2 Paslanmaz"},"content":{"rendered":"<p><strong>DIN 6798 A T\u0131rt\u0131ll\u0131 Rondela<\/strong> i\u00e7 t\u0131rt\u0131kl\u0131 yap\u0131s\u0131 sayesinde y\u00fczeye s\u0131k\u0131ca tutunur ve gev\u015femeyi \u00f6nler. <strong>A2 A4 paslanmaz \u00e7elik<\/strong> rondelalar korozyona dayan\u0131kl\u0131d\u0131r. <em>Elektrik ba\u011flant\u0131lar\u0131 makine ekipman montajlar\u0131 ve d\u0131\u015f saha uygulamalar\u0131<\/em> i\u00e7in uygundur. A2 genel ama\u00e7l\u0131 A4 deniz ve agresif ortamlarda daha dayan\u0131kl\u0131d\u0131r.<\/p>\n","protected":false},"excerpt":{"rendered":"<p>DIN 6798 A T\u0131rt\u0131ll\u0131 Rondela i\u00e7 t\u0131rt\u0131kl\u0131 yap\u0131s\u0131 sayesinde y\u00fczeye s\u0131k\u0131ca tutunur ve gev\u015femeyi \u00f6nler. A2 A4 paslanmaz \u00e7elik rondelalar<\/p>\n","protected":false},"featured_media":42459,"template":"","meta":[],"product_brand":[],"product_cat":[1109],"product_tag":[],"class_list":{"0":"post-37527","1":"product","2":"type-product","3":"status-publish","4":"has-post-thumbnail","6":"product_cat-paslanmaz-emniyet-rondelalari","7":"pa_kalite-a2-304","8":"pa_kaplama-paslanmaz","10":"first","11":"instock","12":"shipping-taxable","13":"purchasable","14":"product-type-variable"},"_links":{"self":[{"href":"https:\/\/stokcivata.com\/index.php?rest_route=\/wp\/v2\/product\/37527","targetHints":{"allow":["GET"]}}],"collection":[{"href":"https:\/\/stokcivata.com\/index.php?rest_route=\/wp\/v2\/product"}],"about":[{"href":"https:\/\/stokcivata.com\/index.php?rest_route=\/wp\/v2\/types\/product"}],"wp:featuredmedia":[{"embeddable":true,"href":"https:\/\/stokcivata.com\/index.php?rest_route=\/wp\/v2\/media\/42459"}],"wp:attachment":[{"href":"https:\/\/stokcivata.com\/index.php?rest_route=%2Fwp%2Fv2%2Fmedia&parent=37527"}],"wp:term":[{"taxonomy":"product_brand","embeddable":true,"href":"https:\/\/stokcivata.com\/index.php?rest_route=%2Fwp%2Fv2%2Fproduct_brand&post=37527"},{"taxonomy":"product_cat","embeddable":true,"href":"https:\/\/stokcivata.com\/index.php?rest_route=%2Fwp%2Fv2%2Fproduct_cat&post=37527"},{"taxonomy":"product_tag","embeddable":true,"href":"https:\/\/stokcivata.com\/index.php?rest_route=%2Fwp%2Fv2%2Fproduct_tag&post=37527"}],"curies":[{"name":"wp","href":"https:\/\/api.w.org\/{rel}","templated":true}]}}