{"id":37561,"date":"2025-10-09T13:26:32","date_gmt":"2025-10-09T10:26:32","guid":{"rendered":"https:\/\/stokcivata.com\/?post_type=product&#038;p=37561"},"modified":"2025-12-13T08:10:21","modified_gmt":"2025-12-13T05:10:21","slug":"asma-tavan-dubeli","status":"publish","type":"product","link":"https:\/\/stokcivata.com\/?product=asma-tavan-dubeli","title":{"rendered":"Asma Tavan Dubeli"},"content":{"rendered":"<p>Bu d\u00fcbel\u00a0<strong>asma tavanlarda yap\u0131s\u0131 itibari ile k\u0131sa olarak tutunma yapan ask\u0131 par\u00e7as\u0131 ile akuple edilmi\u015f bir d\u00fcbeldir<\/strong>.<\/p>\n","protected":false},"excerpt":{"rendered":"<p>Bu d\u00fcbel\u00a0asma tavanlarda yap\u0131s\u0131 itibari ile k\u0131sa olarak tutunma yapan ask\u0131 par\u00e7as\u0131 ile akuple edilmi\u015f bir d\u00fcbeldir.<\/p>\n","protected":false},"featured_media":45365,"template":"","meta":[],"product_brand":[],"product_cat":[1087],"product_tag":[],"class_list":{"0":"post-37561","1":"product","2":"type-product","3":"status-publish","4":"has-post-thumbnail","6":"product_cat-dubeller","7":"pa_kaplama-beyaz","8":"pa_kaplama-sari","10":"first","11":"instock","12":"shipping-taxable","13":"purchasable","14":"product-type-simple"},"_links":{"self":[{"href":"https:\/\/stokcivata.com\/index.php?rest_route=\/wp\/v2\/product\/37561","targetHints":{"allow":["GET"]}}],"collection":[{"href":"https:\/\/stokcivata.com\/index.php?rest_route=\/wp\/v2\/product"}],"about":[{"href":"https:\/\/stokcivata.com\/index.php?rest_route=\/wp\/v2\/types\/product"}],"wp:featuredmedia":[{"embeddable":true,"href":"https:\/\/stokcivata.com\/index.php?rest_route=\/wp\/v2\/media\/45365"}],"wp:attachment":[{"href":"https:\/\/stokcivata.com\/index.php?rest_route=%2Fwp%2Fv2%2Fmedia&parent=37561"}],"wp:term":[{"taxonomy":"product_brand","embeddable":true,"href":"https:\/\/stokcivata.com\/index.php?rest_route=%2Fwp%2Fv2%2Fproduct_brand&post=37561"},{"taxonomy":"product_cat","embeddable":true,"href":"https:\/\/stokcivata.com\/index.php?rest_route=%2Fwp%2Fv2%2Fproduct_cat&post=37561"},{"taxonomy":"product_tag","embeddable":true,"href":"https:\/\/stokcivata.com\/index.php?rest_route=%2Fwp%2Fv2%2Fproduct_tag&post=37561"}],"curies":[{"name":"wp","href":"https:\/\/api.w.org\/{rel}","templated":true}]}}