{"id":37575,"date":"2025-10-09T18:05:57","date_gmt":"2025-10-09T15:05:57","guid":{"rendered":"https:\/\/stokcivata.com\/?post_type=product&#038;p=37575"},"modified":"2025-11-13T10:38:57","modified_gmt":"2025-11-13T07:38:57","slug":"catal-iki-agiz-anahtarlar-takimlari-kisa-tip","status":"publish","type":"product","link":"https:\/\/stokcivata.com\/?product=catal-iki-agiz-anahtarlar-takimlari-kisa-tip","title":{"rendered":"\u00c7atal \u0130ki A\u011f\u0131z Anahtarlar Tak\u0131mlar\u0131 K\u0131sa Tip"},"content":{"rendered":"","protected":false},"excerpt":{"rendered":"","protected":false},"featured_media":0,"template":"","meta":[],"product_brand":[],"product_cat":[1051],"product_tag":[],"class_list":{"0":"post-37575","1":"product","2":"type-product","3":"status-publish","5":"product_cat-anahtarlar-allenler","7":"first","8":"outofstock","9":"shipping-taxable","10":"product-type-variable"},"_links":{"self":[{"href":"https:\/\/stokcivata.com\/index.php?rest_route=\/wp\/v2\/product\/37575","targetHints":{"allow":["GET"]}}],"collection":[{"href":"https:\/\/stokcivata.com\/index.php?rest_route=\/wp\/v2\/product"}],"about":[{"href":"https:\/\/stokcivata.com\/index.php?rest_route=\/wp\/v2\/types\/product"}],"wp:attachment":[{"href":"https:\/\/stokcivata.com\/index.php?rest_route=%2Fwp%2Fv2%2Fmedia&parent=37575"}],"wp:term":[{"taxonomy":"product_brand","embeddable":true,"href":"https:\/\/stokcivata.com\/index.php?rest_route=%2Fwp%2Fv2%2Fproduct_brand&post=37575"},{"taxonomy":"product_cat","embeddable":true,"href":"https:\/\/stokcivata.com\/index.php?rest_route=%2Fwp%2Fv2%2Fproduct_cat&post=37575"},{"taxonomy":"product_tag","embeddable":true,"href":"https:\/\/stokcivata.com\/index.php?rest_route=%2Fwp%2Fv2%2Fproduct_tag&post=37575"}],"curies":[{"name":"wp","href":"https:\/\/api.w.org\/{rel}","templated":true}]}}