{"id":37580,"date":"2025-10-09T18:06:18","date_gmt":"2025-10-09T15:06:18","guid":{"rendered":"https:\/\/stokcivata.com\/?post_type=product&#038;p=37580"},"modified":"2025-11-13T10:38:57","modified_gmt":"2025-11-13T07:38:57","slug":"yildiz-iki-agiz-anahtar-takimnlari","status":"publish","type":"product","link":"https:\/\/stokcivata.com\/?product=yildiz-iki-agiz-anahtar-takimnlari","title":{"rendered":"Y\u0131ld\u0131z \u0130ki A\u011f\u0131z Anahtar Tak\u0131mnlar\u0131"},"content":{"rendered":"","protected":false},"excerpt":{"rendered":"","protected":false},"featured_media":0,"template":"","meta":[],"product_brand":[],"product_cat":[1051],"product_tag":[],"class_list":{"0":"post-37580","1":"product","2":"type-product","3":"status-publish","5":"product_cat-anahtarlar-allenler","7":"first","8":"outofstock","9":"shipping-taxable","10":"product-type-variable"},"_links":{"self":[{"href":"https:\/\/stokcivata.com\/index.php?rest_route=\/wp\/v2\/product\/37580","targetHints":{"allow":["GET"]}}],"collection":[{"href":"https:\/\/stokcivata.com\/index.php?rest_route=\/wp\/v2\/product"}],"about":[{"href":"https:\/\/stokcivata.com\/index.php?rest_route=\/wp\/v2\/types\/product"}],"wp:attachment":[{"href":"https:\/\/stokcivata.com\/index.php?rest_route=%2Fwp%2Fv2%2Fmedia&parent=37580"}],"wp:term":[{"taxonomy":"product_brand","embeddable":true,"href":"https:\/\/stokcivata.com\/index.php?rest_route=%2Fwp%2Fv2%2Fproduct_brand&post=37580"},{"taxonomy":"product_cat","embeddable":true,"href":"https:\/\/stokcivata.com\/index.php?rest_route=%2Fwp%2Fv2%2Fproduct_cat&post=37580"},{"taxonomy":"product_tag","embeddable":true,"href":"https:\/\/stokcivata.com\/index.php?rest_route=%2Fwp%2Fv2%2Fproduct_tag&post=37580"}],"curies":[{"name":"wp","href":"https:\/\/api.w.org\/{rel}","templated":true}]}}