{"id":41414,"date":"2025-10-29T16:06:17","date_gmt":"2025-10-29T13:06:17","guid":{"rendered":"https:\/\/stokcivata.com\/?post_type=product&#038;p=41414"},"modified":"2026-04-18T17:01:36","modified_gmt":"2026-04-18T14:01:36","slug":"unc-kelebek-somun-kalin-dis-inch-olcu","status":"publish","type":"product","link":"https:\/\/stokcivata.com\/?product=unc-kelebek-somun-kalin-dis-inch-olcu","title":{"rendered":"UNC Kelebek Somun\u2013 Kal\u0131n Di\u015f, Inch \u00d6l\u00e7\u00fc"},"content":{"rendered":"<p><strong>DIN 315 Kanatl\u0131 Somun<\/strong> el ile kolayca s\u0131k\u0131l\u0131p gev\u015fetilebilen pratik bir ba\u011flant\u0131 eleman\u0131d\u0131r. <strong>A2 A4 paslanmaz \u00e7elik<\/strong> versiyonlar korozyona dayan\u0131kl\u0131d\u0131r. <em>H\u0131zl\u0131 montaj gereken mobilya makine kapa\u011f\u0131 aksesuar ve d\u0131\u015f saha uygulamalar\u0131<\/em> i\u00e7in uygundur. A2 genel ama\u00e7l\u0131 A4 deniz ve kimyasal ortamlarda tercih edilir.<\/p>\n","protected":false},"excerpt":{"rendered":"<p>Bu \u00fcr\u00fcn metrik de\u011fildir. Amerikan veya \u0130ngiliz di\u015fli sistemine uygundur.<\/p>\n","protected":false},"featured_media":42449,"template":"","meta":[],"product_brand":[],"product_cat":[1097],"product_tag":[1111],"class_list":{"0":"post-41414","1":"product","2":"type-product","3":"status-publish","4":"has-post-thumbnail","6":"product_cat-kelebek-somunlar","7":"product_tag-inch-civatalar","8":"pa_kalite-cl-6","9":"pa_kaplama-beyaz","11":"first","12":"instock","13":"shipping-taxable","14":"purchasable","15":"product-type-variable"},"_links":{"self":[{"href":"https:\/\/stokcivata.com\/index.php?rest_route=\/wp\/v2\/product\/41414","targetHints":{"allow":["GET"]}}],"collection":[{"href":"https:\/\/stokcivata.com\/index.php?rest_route=\/wp\/v2\/product"}],"about":[{"href":"https:\/\/stokcivata.com\/index.php?rest_route=\/wp\/v2\/types\/product"}],"wp:featuredmedia":[{"embeddable":true,"href":"https:\/\/stokcivata.com\/index.php?rest_route=\/wp\/v2\/media\/42449"}],"wp:attachment":[{"href":"https:\/\/stokcivata.com\/index.php?rest_route=%2Fwp%2Fv2%2Fmedia&parent=41414"}],"wp:term":[{"taxonomy":"product_brand","embeddable":true,"href":"https:\/\/stokcivata.com\/index.php?rest_route=%2Fwp%2Fv2%2Fproduct_brand&post=41414"},{"taxonomy":"product_cat","embeddable":true,"href":"https:\/\/stokcivata.com\/index.php?rest_route=%2Fwp%2Fv2%2Fproduct_cat&post=41414"},{"taxonomy":"product_tag","embeddable":true,"href":"https:\/\/stokcivata.com\/index.php?rest_route=%2Fwp%2Fv2%2Fproduct_tag&post=41414"}],"curies":[{"name":"wp","href":"https:\/\/api.w.org\/{rel}","templated":true}]}}