{"id":41420,"date":"2025-10-29T16:06:24","date_gmt":"2025-10-29T13:06:24","guid":{"rendered":"https:\/\/stokcivata.com\/?post_type=product&#038;p=41420"},"modified":"2026-04-18T17:01:46","modified_gmt":"2026-04-18T14:01:46","slug":"gaz-dis-boru-dis-kontra-somun","status":"publish","type":"product","link":"https:\/\/stokcivata.com\/?product=gaz-dis-boru-dis-kontra-somun","title":{"rendered":"Gaz Di\u015f (Boru Di\u015f) Kontra Somun"},"content":{"rendered":"<p>Bu \u00fcr\u00fcn, Boru di\u015f, (Gaz Di\u015f), \u00f6l\u00e7\u00fcde kontra somunlar\u0131 i\u00e7ermektedir<\/p>\n","protected":false},"excerpt":{"rendered":"<p>Bu \u00fcr\u00fcn metrik de\u011fildir. Amerikan veya \u0130ngiliz di\u015fli sistemine uygundur.<\/p>\n","protected":false},"featured_media":42446,"template":"","meta":[],"product_brand":[],"product_cat":[1093],"product_tag":[1111],"class_list":{"0":"post-41420","1":"product","2":"type-product","3":"status-publish","4":"has-post-thumbnail","6":"product_cat-altikose-somunlar","7":"product_tag-inch-civatalar","8":"pa_kalite-cl-6","9":"pa_kaplama-beyaz","11":"first","12":"instock","13":"shipping-taxable","14":"purchasable","15":"product-type-variable"},"_links":{"self":[{"href":"https:\/\/stokcivata.com\/index.php?rest_route=\/wp\/v2\/product\/41420","targetHints":{"allow":["GET"]}}],"collection":[{"href":"https:\/\/stokcivata.com\/index.php?rest_route=\/wp\/v2\/product"}],"about":[{"href":"https:\/\/stokcivata.com\/index.php?rest_route=\/wp\/v2\/types\/product"}],"wp:featuredmedia":[{"embeddable":true,"href":"https:\/\/stokcivata.com\/index.php?rest_route=\/wp\/v2\/media\/42446"}],"wp:attachment":[{"href":"https:\/\/stokcivata.com\/index.php?rest_route=%2Fwp%2Fv2%2Fmedia&parent=41420"}],"wp:term":[{"taxonomy":"product_brand","embeddable":true,"href":"https:\/\/stokcivata.com\/index.php?rest_route=%2Fwp%2Fv2%2Fproduct_brand&post=41420"},{"taxonomy":"product_cat","embeddable":true,"href":"https:\/\/stokcivata.com\/index.php?rest_route=%2Fwp%2Fv2%2Fproduct_cat&post=41420"},{"taxonomy":"product_tag","embeddable":true,"href":"https:\/\/stokcivata.com\/index.php?rest_route=%2Fwp%2Fv2%2Fproduct_tag&post=41420"}],"curies":[{"name":"wp","href":"https:\/\/api.w.org\/{rel}","templated":true}]}}