{"id":45528,"date":"2025-12-13T08:54:15","date_gmt":"2025-12-13T05:54:15","guid":{"rendered":"https:\/\/stokcivata.com\/?post_type=product&#038;p=45528"},"modified":"2026-02-10T12:38:33","modified_gmt":"2026-02-10T09:38:33","slug":"plastik-civata-kapagi","status":"publish","type":"product","link":"https:\/\/stokcivata.com\/?product=plastik-civata-kapagi","title":{"rendered":"Plastik C\u0131vata Kapa\u011f\u0131"},"content":{"rendered":"\n<div style=\"text-align: center; margin: 20px 0;\">\n<h3 style=\"text-align: left;\">Alt\u0131k&ouml;\u015fe Vida ve Somunlar \u0130&ccedil;in Plastik (Polyamid) Koruma Kapa\u011f\u0131<\/h3>\n<p style=\"text-align: left;\">Plastik koruma kapaklar\u0131, alt\u0131k&ouml;\u015fe ba\u015fl\u0131 vidalar ve somunlar &uuml;zerinde kullan\u0131larak<br \/>ba\u011flant\u0131 elemanlar\u0131n\u0131n d\u0131\u015f etkenlerden korunmas\u0131n\u0131 sa\u011flayan yard\u0131mc\u0131 par&ccedil;alard\u0131r.<br \/>Polyamid (plastik) malzemeden imal edilen bu kapaklar; darbe, toz, nem ve temas kaynakl\u0131<br \/>zararlar\u0131 azalt\u0131rken ayn\u0131 zamanda g&uuml;venli bir kullan\u0131m sunar.<\/p>\n<img decoding=\"async\" src=\"https:\/\/stokcivata.com\/wp-content\/uploads\/2026\/02\/stkc_vk_teknikresim.png\" alt=\"\" \/><\/div>\n<hr \/>\n<h3>\ud83d\udcca &Ouml;l&ccedil;&uuml; Tablosu<\/h3>\n<p>A\u015fa\u011f\u0131daki tabloda <strong>Plastik Koruma Kapa\u011f\u0131<\/strong> i&ccedil;in standart &ouml;l&ccedil;&uuml; de\u011ferleri yer almaktad\u0131r. Kullan\u0131lan c\u0131vatan\u0131n anahtar a\u011fz\u0131 (SW) &ouml;l&ccedil;&uuml;s&uuml;ne g&ouml;re se&ccedil;im yap\u0131lmal\u0131d\u0131r.<\/p>\n<table style=\"height: 450px; width: 831px; margin-left: auto; margin-right: auto;\" border=\"2\" width=\"831\" cellspacing=\"1\" cellpadding=\"1\"><caption>&nbsp;<\/caption>\n<tbody>\n<tr style=\"height: 18px;\">\n<th style=\"width: 62.9883px; height: 18px;\">D<\/th>\n<th style=\"width: 62.9883px; height: 18px;\">H<\/th>\n<th style=\"width: 62.9883px; height: 18px;\">h<\/th>\n<th style=\"width: 100.996px; height: 18px;\">SW<\/th>\n<th style=\"width: 100.996px; height: 18px;\">*M<\/th>\n<th style=\"width: 401.836px; height: 18px;\" colspan=\"2\">Sipari\u015f Kodu<\/th>\n<\/tr>\n<tr style=\"height: 18px;\">\n<td style=\"width: 62.9883px; height: 18px; text-align: center; vertical-align: middle;\">9<\/td>\n<td style=\"width: 62.9883px; height: 18px; text-align: center; vertical-align: middle;\">8,3<\/td>\n<td style=\"width: 62.9883px; height: 18px; text-align: center; vertical-align: middle;\">3,5<\/td>\n<td style=\"width: 100.996px; height: 18px; text-align: center; vertical-align: middle;\">7<\/td>\n<td style=\"width: 100.996px; height: 18px; text-align: center; vertical-align: middle;\">M4<\/td>\n<td style=\"width: 401.836px; height: 18px; text-align: center; vertical-align: middle;\" colspan=\"2\">BK10.0021.0704<\/td>\n<\/tr>\n<tr style=\"height: 18px;\">\n<td style=\"width: 62.9883px; height: 18px; text-align: center; vertical-align: middle;\">10,9<\/td>\n<td style=\"width: 62.9883px; height: 18px; text-align: center; vertical-align: middle;\">9,5<\/td>\n<td style=\"width: 62.9883px; height: 18px; text-align: center; vertical-align: middle;\">5<\/td>\n<td style=\"width: 100.996px; height: 18px; text-align: center; vertical-align: middle;\">8<\/td>\n<td style=\"width: 100.996px; height: 18px; text-align: center; vertical-align: middle;\">M 5<\/td>\n<td style=\"width: 401.836px; height: 18px; text-align: center; vertical-align: middle;\" colspan=\"2\">BK10.0021.0805<\/td>\n<\/tr>\n<tr style=\"height: 18px;\">\n<td style=\"width: 62.9883px; height: 18px; text-align: center; vertical-align: middle;\">12,9<\/td>\n<td style=\"width: 62.9883px; height: 18px; text-align: center; vertical-align: middle;\">13<\/td>\n<td style=\"width: 62.9883px; height: 18px; text-align: center; vertical-align: middle;\">6<\/td>\n<td style=\"width: 100.996px; height: 18px; text-align: center; vertical-align: middle;\">10<\/td>\n<td style=\"width: 100.996px; height: 18px; text-align: center; vertical-align: middle;\">M 6<\/td>\n<td style=\"width: 401.836px; height: 18px; text-align: center; vertical-align: middle;\" colspan=\"2\">BK10.0021.1006<\/td>\n<\/tr>\n<tr style=\"height: 18px;\">\n<td style=\"width: 62.9883px; height: 18px; text-align: center; vertical-align: middle;\">16,8<\/td>\n<td style=\"width: 62.9883px; height: 18px; text-align: center; vertical-align: middle;\">15<\/td>\n<td style=\"width: 62.9883px; height: 18px; text-align: center; vertical-align: middle;\">7,5<\/td>\n<td style=\"width: 100.996px; height: 18px; text-align: center; vertical-align: middle;\">13<\/td>\n<td style=\"width: 100.996px; height: 18px; text-align: center; vertical-align: middle;\">M 8<\/td>\n<td style=\"width: 401.836px; height: 18px; text-align: center; vertical-align: middle;\" colspan=\"2\">BK10.0021.1308<\/td>\n<\/tr>\n<tr style=\"height: 18px;\">\n<td style=\"width: 62.9883px; height: 18px; text-align: center; vertical-align: middle;\">20<\/td>\n<td style=\"width: 62.9883px; height: 18px; text-align: center; vertical-align: middle;\">19,5<\/td>\n<td style=\"width: 62.9883px; height: 18px; text-align: center; vertical-align: middle;\">9<\/td>\n<td style=\"width: 100.996px; height: 18px; text-align: center; vertical-align: middle;\">16<\/td>\n<td style=\"width: 100.996px; height: 18px; text-align: center; vertical-align: middle;\">M 10<\/td>\n<td style=\"width: 401.836px; height: 18px; text-align: center; vertical-align: middle;\" colspan=\"2\">BK10.0021.1610<\/td>\n<\/tr>\n<tr style=\"height: 18px;\">\n<td style=\"width: 62.9883px; height: 18px; text-align: center; vertical-align: middle;\">21,3<\/td>\n<td style=\"width: 62.9883px; height: 18px; text-align: center; vertical-align: middle;\">19,5<\/td>\n<td style=\"width: 62.9883px; height: 18px; text-align: center; vertical-align: middle;\">9<\/td>\n<td style=\"width: 100.996px; height: 18px; text-align: center; vertical-align: middle;\">17<\/td>\n<td style=\"width: 100.996px; height: 18px; text-align: center; vertical-align: middle;\">M 10<\/td>\n<td style=\"width: 401.836px; height: 18px; text-align: center; vertical-align: middle;\" colspan=\"2\">BK10.0021.1710<\/td>\n<\/tr>\n<tr style=\"height: 18px;\">\n<td style=\"width: 62.9883px; height: 18px; text-align: center; vertical-align: middle;\">23<\/td>\n<td style=\"width: 62.9883px; height: 18px; text-align: center; vertical-align: middle;\">20<\/td>\n<td style=\"width: 62.9883px; height: 18px; text-align: center; vertical-align: middle;\">9<\/td>\n<td style=\"width: 100.996px; height: 18px; text-align: center; vertical-align: middle;\">18<\/td>\n<td style=\"width: 100.996px; height: 18px; text-align: center; vertical-align: middle;\">M 12<\/td>\n<td style=\"width: 401.836px; height: 18px; text-align: center; vertical-align: middle;\" colspan=\"2\">BK10.0021.1812<\/td>\n<\/tr>\n<tr style=\"height: 18px;\">\n<td style=\"width: 62.9883px; height: 18px; text-align: center; vertical-align: middle;\">23,6<\/td>\n<td style=\"width: 62.9883px; height: 18px; text-align: center; vertical-align: middle;\">21,5<\/td>\n<td style=\"width: 62.9883px; height: 18px; text-align: center; vertical-align: middle;\">11<\/td>\n<td style=\"width: 100.996px; height: 18px; text-align: center; vertical-align: middle;\">19<\/td>\n<td style=\"width: 100.996px; height: 18px; text-align: center; vertical-align: middle;\">M 12<\/td>\n<td style=\"width: 401.836px; height: 18px; text-align: center; vertical-align: middle;\" colspan=\"2\">BK10.0021.1912<\/td>\n<\/tr>\n<tr style=\"height: 18px;\">\n<td style=\"width: 62.9883px; height: 18px; text-align: center; vertical-align: middle;\">26,8<\/td>\n<td style=\"width: 62.9883px; height: 18px; text-align: center; vertical-align: middle;\">22<\/td>\n<td style=\"width: 62.9883px; height: 18px; text-align: center; vertical-align: middle;\">12,3<\/td>\n<td style=\"width: 100.996px; height: 18px; text-align: center; vertical-align: middle;\">22<\/td>\n<td style=\"width: 100.996px; height: 18px; text-align: center; vertical-align: middle;\">M 14<\/td>\n<td style=\"width: 401.836px; height: 18px; text-align: center; vertical-align: middle;\" colspan=\"2\">BK10.0021.2214<\/td>\n<\/tr>\n<tr style=\"height: 18px;\">\n<td style=\"width: 62.9883px; height: 18px; text-align: center; vertical-align: middle;\">27<\/td>\n<td style=\"width: 62.9883px; height: 18px; text-align: center; vertical-align: middle;\">23,5<\/td>\n<td style=\"width: 62.9883px; height: 18px; text-align: center; vertical-align: middle;\">12,2<\/td>\n<td style=\"width: 100.996px; height: 18px; text-align: center; vertical-align: middle;\">21<\/td>\n<td style=\"width: 100.996px; height: 18px; text-align: center; vertical-align: middle;\">M 14<\/td>\n<td style=\"width: 401.836px; height: 18px; text-align: center; vertical-align: middle;\" colspan=\"2\">BK10.0021.2114<\/td>\n<\/tr>\n<tr style=\"height: 18px;\">\n<td style=\"width: 62.9883px; height: 18px; text-align: center; vertical-align: middle;\">29,8<\/td>\n<td style=\"width: 62.9883px; height: 18px; text-align: center; vertical-align: middle;\">27<\/td>\n<td style=\"width: 62.9883px; height: 18px; text-align: center; vertical-align: middle;\">14<\/td>\n<td style=\"width: 100.996px; height: 18px; text-align: center; vertical-align: middle;\">24<\/td>\n<td style=\"width: 100.996px; height: 18px; text-align: center; vertical-align: middle;\">M 16<\/td>\n<td style=\"width: 401.836px; height: 18px; text-align: center; vertical-align: middle;\" colspan=\"2\">BK10.0021.2416<\/td>\n<\/tr>\n<tr style=\"height: 18px;\">\n<td style=\"width: 62.9883px; height: 18px; text-align: center; vertical-align: middle;\">33,8<\/td>\n<td style=\"width: 62.9883px; height: 18px; text-align: center; vertical-align: middle;\">28,4<\/td>\n<td style=\"width: 62.9883px; height: 18px; text-align: center; vertical-align: middle;\">15,5<\/td>\n<td style=\"width: 100.996px; height: 18px; text-align: center; vertical-align: middle;\">27<\/td>\n<td style=\"width: 100.996px; height: 18px; text-align: center; vertical-align: middle;\">M 18<\/td>\n<td style=\"width: 401.836px; height: 18px; text-align: center; vertical-align: middle;\" colspan=\"2\">BK10.0021.2718<\/td>\n<\/tr>\n<tr style=\"height: 18px;\">\n<td style=\"width: 62.9883px; height: 18px; text-align: center; vertical-align: middle;\">37,4<\/td>\n<td style=\"width: 62.9883px; height: 18px; text-align: center; vertical-align: middle;\">33,2<\/td>\n<td style=\"width: 62.9883px; height: 18px; text-align: center; vertical-align: middle;\">17<\/td>\n<td style=\"width: 100.996px; height: 18px; text-align: center; vertical-align: middle;\">30<\/td>\n<td style=\"width: 100.996px; height: 18px; text-align: center; vertical-align: middle;\">M 20<\/td>\n<td style=\"width: 401.836px; height: 18px; text-align: center; vertical-align: middle;\" colspan=\"2\">BK10.0021.3020<\/td>\n<\/tr>\n<tr style=\"height: 18px;\">\n<td style=\"width: 62.9883px; height: 18px; text-align: center; vertical-align: middle;\">39<\/td>\n<td style=\"width: 62.9883px; height: 18px; text-align: center; vertical-align: middle;\">36,2<\/td>\n<td style=\"width: 62.9883px; height: 18px; text-align: center; vertical-align: middle;\">21,2<\/td>\n<td style=\"width: 100.996px; height: 18px; text-align: center; vertical-align: middle;\">32<\/td>\n<td style=\"width: 100.996px; height: 18px; text-align: center; vertical-align: middle;\">M 22<\/td>\n<td style=\"width: 401.836px; height: 18px; text-align: center; vertical-align: middle;\" colspan=\"2\">BK10.0021.3222<\/td>\n<\/tr>\n<tr style=\"height: 18px;\">\n<td style=\"width: 62.9883px; height: 18px; text-align: center; vertical-align: middle;\">41,2<\/td>\n<td style=\"width: 62.9883px; height: 18px; text-align: center; vertical-align: middle;\">36,2<\/td>\n<td style=\"width: 62.9883px; height: 18px; text-align: center; vertical-align: middle;\">21,2<\/td>\n<td style=\"width: 100.996px; height: 18px; text-align: center; vertical-align: middle;\">34<\/td>\n<td style=\"width: 100.996px; height: 18px; text-align: center; vertical-align: middle;\">M 22<\/td>\n<td style=\"width: 401.836px; height: 18px; text-align: center; vertical-align: middle;\" colspan=\"2\">BK10.0021.3422<\/td>\n<\/tr>\n<tr style=\"height: 18px;\">\n<td style=\"width: 62.9883px; height: 18px; text-align: center; vertical-align: middle;\">43,6<\/td>\n<td style=\"width: 62.9883px; height: 18px; text-align: center; vertical-align: middle;\">39,3<\/td>\n<td style=\"width: 62.9883px; height: 18px; text-align: center; vertical-align: middle;\">22,7<\/td>\n<td style=\"width: 100.996px; height: 18px; text-align: center; vertical-align: middle;\">36<\/td>\n<td style=\"width: 100.996px; height: 18px; text-align: center; vertical-align: middle;\">M 24<\/td>\n<td style=\"width: 401.836px; height: 18px; text-align: center; vertical-align: middle;\" colspan=\"2\">BK10.0021.3624<\/td>\n<\/tr>\n<tr style=\"height: 18px;\">\n<td style=\"width: 62.9883px; height: 18px; text-align: center; vertical-align: middle;\">50<\/td>\n<td style=\"width: 62.9883px; height: 18px; text-align: center; vertical-align: middle;\">47,4<\/td>\n<td style=\"width: 62.9883px; height: 18px; text-align: center; vertical-align: middle;\">25<\/td>\n<td style=\"width: 100.996px; height: 18px; text-align: center; vertical-align: middle;\">42<\/td>\n<td style=\"width: 100.996px; height: 18px; text-align: center; vertical-align: middle;\">M 27<\/td>\n<td style=\"width: 401.836px; height: 18px; text-align: center; vertical-align: middle;\" colspan=\"2\">BK10.0021.4227<\/td>\n<\/tr>\n<tr style=\"height: 18px;\">\n<td style=\"width: 62.9883px; height: 18px; text-align: center; vertical-align: middle;\">50<\/td>\n<td style=\"width: 62.9883px; height: 18px; text-align: center; vertical-align: middle;\">48<\/td>\n<td style=\"width: 62.9883px; height: 18px; text-align: center; vertical-align: middle;\">25<\/td>\n<td style=\"width: 100.996px; height: 18px; text-align: center; vertical-align: middle;\">41<\/td>\n<td style=\"width: 100.996px; height: 18px; text-align: center; vertical-align: middle;\">M 27<\/td>\n<td style=\"width: 401.836px; height: 18px; text-align: center; vertical-align: middle;\" colspan=\"2\">BK10.0021.4127<\/td>\n<\/tr>\n<tr style=\"height: 18px;\">\n<td style=\"width: 62.9883px; height: 18px; text-align: center; vertical-align: middle;\">56,4<\/td>\n<td style=\"width: 62.9883px; height: 18px; text-align: center; vertical-align: middle;\">50,5<\/td>\n<td style=\"width: 62.9883px; height: 18px; text-align: center; vertical-align: middle;\">27,6<\/td>\n<td style=\"width: 100.996px; height: 18px; text-align: center; vertical-align: middle;\">46<\/td>\n<td style=\"width: 100.996px; height: 18px; text-align: center; vertical-align: middle;\">M 30<\/td>\n<td style=\"width: 401.836px; height: 18px; text-align: center; vertical-align: middle;\" colspan=\"2\">BK10.0021.4630<\/td>\n<\/tr>\n<tr style=\"height: 18px;\">\n<td style=\"width: 62.9883px; height: 18px; text-align: center; vertical-align: middle;\">61<\/td>\n<td style=\"width: 62.9883px; height: 18px; text-align: center; vertical-align: middle;\">57<\/td>\n<td style=\"width: 62.9883px; height: 18px; text-align: center; vertical-align: middle;\">27<\/td>\n<td style=\"width: 100.996px; height: 18px; text-align: center; vertical-align: middle;\">50<\/td>\n<td style=\"width: 100.996px; height: 18px; text-align: center; vertical-align: middle;\">M 33<\/td>\n<td style=\"width: 401.836px; height: 18px; text-align: center; vertical-align: middle;\" colspan=\"2\">BK10.0021.5033<\/td>\n<\/tr>\n<tr style=\"height: 18px;\">\n<td style=\"width: 62.9883px; height: 18px; text-align: center; vertical-align: middle;\">65,8<\/td>\n<td style=\"width: 62.9883px; height: 18px; text-align: center; vertical-align: middle;\">57,6<\/td>\n<td style=\"width: 62.9883px; height: 18px; text-align: center; vertical-align: middle;\">32,3<\/td>\n<td style=\"width: 100.996px; height: 18px; text-align: center; vertical-align: middle;\">55<\/td>\n<td style=\"width: 100.996px; height: 18px; text-align: center; vertical-align: middle;\">M 36<\/td>\n<td style=\"width: 401.836px; height: 18px; text-align: center; vertical-align: middle;\" colspan=\"2\">BK10.0021.5536<\/td>\n<\/tr>\n<tr style=\"height: 18px;\">\n<td style=\"width: 62.9883px; height: 18px; text-align: center; vertical-align: middle;\">71,7<\/td>\n<td style=\"width: 62.9883px; height: 18px; text-align: center; vertical-align: middle;\">62<\/td>\n<td style=\"width: 62.9883px; height: 18px; text-align: center; vertical-align: middle;\">36,9<\/td>\n<td style=\"width: 100.996px; height: 18px; text-align: center; vertical-align: middle;\">60<\/td>\n<td style=\"width: 100.996px; height: 18px; text-align: center; vertical-align: middle;\">M 39<\/td>\n<td style=\"width: 401.836px; height: 18px; text-align: center; vertical-align: middle;\" colspan=\"2\">BK10.0021.6039<\/td>\n<\/tr>\n<tr style=\"height: 18px;\">\n<td style=\"width: 62.9883px; height: 18px; text-align: center; vertical-align: middle;\">76,9<\/td>\n<td style=\"width: 62.9883px; height: 18px; text-align: center; vertical-align: middle;\">65,5<\/td>\n<td style=\"width: 62.9883px; height: 18px; text-align: center; vertical-align: middle;\">38,7<\/td>\n<td style=\"width: 100.996px; height: 18px; text-align: center; vertical-align: middle;\">65<\/td>\n<td style=\"width: 100.996px; height: 18px; text-align: center; vertical-align: middle;\">M 42<\/td>\n<td style=\"width: 401.836px; height: 18px; text-align: center; vertical-align: middle;\" colspan=\"2\">BK10.0021.6542<\/td>\n<\/tr>\n<tr style=\"height: 18px;\">\n<td style=\"width: 62.9883px; height: 18px; text-align: center; vertical-align: middle;\">84,8<\/td>\n<td style=\"width: 62.9883px; height: 18px; text-align: center; vertical-align: middle;\">73<\/td>\n<td style=\"width: 62.9883px; height: 18px; text-align: center; vertical-align: middle;\">39,6<\/td>\n<td style=\"width: 100.996px; height: 18px; text-align: center; vertical-align: middle;\">70<\/td>\n<td style=\"width: 100.996px; height: 18px; text-align: center; vertical-align: middle;\">M 45<\/td>\n<td style=\"width: 401.836px; height: 18px; text-align: center; vertical-align: middle;\" colspan=\"2\">BK10.0021.7045<\/td>\n<\/tr>\n<\/tbody>\n<\/table>\n<hr \/>\n<h3>\ud83d\udccc Teknik Notlar<\/h3>\n<ul>\n<ul>\n<li>Plastik Civata Kapa\u011f\u0131n\u0131n Standart Malzemesi Polyethylenedir.<\/li>\n<li>Is\u0131ya kar\u015f\u0131 55-100 dereceye kadar dayanabilmektedir.<\/li>\n<li>Asit ve bazlara kar\u015f\u0131 diren&ccedil;lidir. (PP)<\/li>\n<li>Plastik C\u0130vata kapa\u011f\u0131n\u0131n elektrik iletkenli\u011fi yoktur, izoledir.<\/li>\n<li>Plastik Civata Kapa\u011f\u0131 civata ve somunlar\u0131n\u0131 Kir,Asit,Gres ve Ya\u011flardan korur<\/li>\n<li>Plastik Civata Kapa\u011f\u0131 civata ve somunlar\u0131n korozyon dayan\u0131m\u0131 art\u0131r\u0131r.<\/li>\n<li><strong>Belirli adetlerin &uuml;zerindeki sipari\u015fler<\/strong> i&ccedil;in talep edilen renklerde<br \/><strong>&ouml;zel tedarik<\/strong> imk&acirc;n\u0131 bulunmaktad\u0131r. Bu t&uuml;r talepler i&ccedil;in bizimle ileti\u015fime ge&ccedil;ilmesi yeterlidir.<\/li>\n<li><strong>(*)M<\/strong> DIN 931,933 veya 934 standartlar\u0131a g&ouml;re birlikte kullan\u0131ld\u0131\u011f\u0131 c\u0131vatay\u0131 belirler.<\/li>\n<\/ul>\n<\/ul>\n\n","protected":false},"excerpt":{"rendered":"<p>Alt\u0131k\u00f6\u015fe vida ve somunlar i\u00e7in plastik (polyamid) koruma kapa\u011f\u0131; di\u015fli ba\u011flant\u0131 elemanlar\u0131n\u0131n<br \/>\n\u00fcst k\u0131sm\u0131n\u0131 kapatarak darbe, kir, nem ve d\u0131\u015f etkenlere kar\u015f\u0131 koruma sa\u011flar.<br \/>\nMontaj sonras\u0131 g\u00fcvenli, temiz ve estetik bir g\u00f6r\u00fcn\u00fcm sunar.<br \/>\n<a href=\"https:\/\/stokcivata.com\/?page_id=48114\" target=\"_blank\" rel=\"noopener\"><span style=\"color: #008080;\">Teknik tablo i\u00e7in t\u0131klay\u0131n.<\/span><\/a><\/p>\n","protected":false},"featured_media":48113,"template":"","meta":[],"product_brand":[],"product_cat":[2093],"product_tag":[],"class_list":{"0":"post-45528","1":"product","2":"type-product","3":"status-publish","4":"has-post-thumbnail","6":"product_cat-plastik-kapaklar-ve-tapalar","8":"first","9":"instock","10":"shipping-taxable","11":"product-type-simple"},"_links":{"self":[{"href":"https:\/\/stokcivata.com\/index.php?rest_route=\/wp\/v2\/product\/45528","targetHints":{"allow":["GET"]}}],"collection":[{"href":"https:\/\/stokcivata.com\/index.php?rest_route=\/wp\/v2\/product"}],"about":[{"href":"https:\/\/stokcivata.com\/index.php?rest_route=\/wp\/v2\/types\/product"}],"wp:featuredmedia":[{"embeddable":true,"href":"https:\/\/stokcivata.com\/index.php?rest_route=\/wp\/v2\/media\/48113"}],"wp:attachment":[{"href":"https:\/\/stokcivata.com\/index.php?rest_route=%2Fwp%2Fv2%2Fmedia&parent=45528"}],"wp:term":[{"taxonomy":"product_brand","embeddable":true,"href":"https:\/\/stokcivata.com\/index.php?rest_route=%2Fwp%2Fv2%2Fproduct_brand&post=45528"},{"taxonomy":"product_cat","embeddable":true,"href":"https:\/\/stokcivata.com\/index.php?rest_route=%2Fwp%2Fv2%2Fproduct_cat&post=45528"},{"taxonomy":"product_tag","embeddable":true,"href":"https:\/\/stokcivata.com\/index.php?rest_route=%2Fwp%2Fv2%2Fproduct_tag&post=45528"}],"curies":[{"name":"wp","href":"https:\/\/api.w.org\/{rel}","templated":true}]}}