{"id":47973,"date":"2025-12-24T10:05:31","date_gmt":"2025-12-24T07:05:31","guid":{"rendered":"https:\/\/stokcivata.com\/?post_type=product&#038;p=47973"},"modified":"2026-04-18T17:59:01","modified_gmt":"2026-04-18T14:59:01","slug":"havsa-basli-pirinc-vida-din-963","status":"publish","type":"product","link":"https:\/\/stokcivata.com\/?product=havsa-basli-pirinc-vida-din-963","title":{"rendered":"Hav\u015fa Ba\u015fl\u0131 Pirin\u00e7 Vida DIN 963"},"content":{"rendered":"<p data-start=\"464\" data-end=\"689\"><strong data-start=\"464\" data-end=\"475\">DIN 963<\/strong> standard\u0131na uygun olarak \u00fcretilen bu hav\u015fa ba\u015fl\u0131 vida, pirin\u00e7 ala\u015f\u0131mdan imal edilmi\u015ftir. Hav\u015fa ba\u015f yap\u0131s\u0131 sayesinde montaj sonras\u0131 y\u00fczeyle s\u0131f\u0131r bir g\u00f6r\u00fcn\u00fcm sunar ve dekoratif uygulamalarda temiz bir biti\u015f sa\u011flar.<\/p>\n<p data-start=\"691\" data-end=\"996\">Pirin\u00e7 malzemenin do\u011fal korozyon direnci ve manyetik olmamas\u0131, bu viday\u0131 elektrik\u2013elektronik uygulamalar, mobilya montajlar\u0131 ve i\u00e7 mek\u00e2n kullan\u0131mlar\u0131 i\u00e7in uygun hale getirir. D\u00fc\u015f\u00fck ve orta seviyede mekanik y\u00fck gerektiren ba\u011flant\u0131larda tercih edilir. Y\u00fcksek mukavemet gerektiren uygulamalar i\u00e7in \u00f6nerilmez.<\/p>\n","protected":false},"excerpt":{"rendered":"<p>Pirin\u00e7 malzemeden imal edilen bu hav\u015fa ba\u015fl\u0131 vida; estetik montaj gerektiren uygulamalarda, y\u00fczeyle s\u0131f\u0131r biti\u015f sa\u011flamas\u0131 ve korozyon direnci sayesinde tercih edilir.<\/p>\n","protected":false},"featured_media":47974,"template":"","meta":[],"product_brand":[],"product_cat":[2113],"product_tag":[],"class_list":{"0":"post-47973","1":"product","2":"type-product","3":"status-publish","4":"has-post-thumbnail","6":"product_cat-pirinc-baglanti-elemanlari","8":"first","9":"instock","10":"shipping-taxable","11":"purchasable","12":"product-type-variable"},"_links":{"self":[{"href":"https:\/\/stokcivata.com\/index.php?rest_route=\/wp\/v2\/product\/47973","targetHints":{"allow":["GET"]}}],"collection":[{"href":"https:\/\/stokcivata.com\/index.php?rest_route=\/wp\/v2\/product"}],"about":[{"href":"https:\/\/stokcivata.com\/index.php?rest_route=\/wp\/v2\/types\/product"}],"wp:featuredmedia":[{"embeddable":true,"href":"https:\/\/stokcivata.com\/index.php?rest_route=\/wp\/v2\/media\/47974"}],"wp:attachment":[{"href":"https:\/\/stokcivata.com\/index.php?rest_route=%2Fwp%2Fv2%2Fmedia&parent=47973"}],"wp:term":[{"taxonomy":"product_brand","embeddable":true,"href":"https:\/\/stokcivata.com\/index.php?rest_route=%2Fwp%2Fv2%2Fproduct_brand&post=47973"},{"taxonomy":"product_cat","embeddable":true,"href":"https:\/\/stokcivata.com\/index.php?rest_route=%2Fwp%2Fv2%2Fproduct_cat&post=47973"},{"taxonomy":"product_tag","embeddable":true,"href":"https:\/\/stokcivata.com\/index.php?rest_route=%2Fwp%2Fv2%2Fproduct_tag&post=47973"}],"curies":[{"name":"wp","href":"https:\/\/api.w.org\/{rel}","templated":true}]}}