{"id":47983,"date":"2025-12-24T11:28:12","date_gmt":"2025-12-24T08:28:12","guid":{"rendered":"https:\/\/stokcivata.com\/?post_type=product&#038;p=47983"},"modified":"2026-04-18T18:02:26","modified_gmt":"2026-04-18T15:02:26","slug":"duz-pirinc-pul-din-125","status":"publish","type":"product","link":"https:\/\/stokcivata.com\/?product=duz-pirinc-pul-din-125","title":{"rendered":"D\u00fcz Pirin\u00e7 Pul DIN 125"},"content":{"rendered":"<p data-start=\"446\" data-end=\"650\"><strong data-start=\"446\" data-end=\"457\">DIN 125<\/strong> standard\u0131na uygun olarak \u00fcretilen bu d\u00fcz pul, pirin\u00e7 ala\u015f\u0131mdan imal edilmi\u015ftir. Ba\u011flant\u0131 noktalar\u0131nda y\u00fck\u00fcn daha geni\u015f bir y\u00fczeye da\u011f\u0131lmas\u0131n\u0131 sa\u011flayarak montaj y\u00fczeyinin zarar g\u00f6rmesini \u00f6nler.<\/p>\n<p data-start=\"652\" data-end=\"965\">Pirin\u00e7 malzemenin do\u011fal korozyon direnci ve manyetik olmamas\u0131, bu \u00fcr\u00fcn\u00fc nemli ortamlar, elektrik\u2013elektronik uygulamalar ve dekoratif montajlar i\u00e7in uygun hale getirir. Pirin\u00e7 pullar, d\u00fc\u015f\u00fck ve orta seviyede mekanik y\u00fck gerektiren ba\u011flant\u0131larda tercih edilir. Y\u00fcksek mukavemet gerektiren uygulamalar i\u00e7in \u00f6nerilmez.<\/p>\n","protected":false},"excerpt":{"rendered":"<p>Pirin\u00e7 malzemeden imal edilen bu d\u00fcz pul; y\u00fck da\u011f\u0131l\u0131m\u0131n\u0131 art\u0131rmak, y\u00fczey hasar\u0131n\u0131 azaltmak ve korozyon direnci sa\u011flamak amac\u0131yla ba\u011flant\u0131 elemanlar\u0131yla birlikte kullan\u0131l\u0131r.<\/p>\n","protected":false},"featured_media":47969,"template":"","meta":[],"product_brand":[],"product_cat":[2113],"product_tag":[],"class_list":{"0":"post-47983","1":"product","2":"type-product","3":"status-publish","4":"has-post-thumbnail","6":"product_cat-pirinc-baglanti-elemanlari","8":"first","9":"instock","10":"shipping-taxable","11":"purchasable","12":"product-type-variable"},"_links":{"self":[{"href":"https:\/\/stokcivata.com\/index.php?rest_route=\/wp\/v2\/product\/47983","targetHints":{"allow":["GET"]}}],"collection":[{"href":"https:\/\/stokcivata.com\/index.php?rest_route=\/wp\/v2\/product"}],"about":[{"href":"https:\/\/stokcivata.com\/index.php?rest_route=\/wp\/v2\/types\/product"}],"wp:featuredmedia":[{"embeddable":true,"href":"https:\/\/stokcivata.com\/index.php?rest_route=\/wp\/v2\/media\/47969"}],"wp:attachment":[{"href":"https:\/\/stokcivata.com\/index.php?rest_route=%2Fwp%2Fv2%2Fmedia&parent=47983"}],"wp:term":[{"taxonomy":"product_brand","embeddable":true,"href":"https:\/\/stokcivata.com\/index.php?rest_route=%2Fwp%2Fv2%2Fproduct_brand&post=47983"},{"taxonomy":"product_cat","embeddable":true,"href":"https:\/\/stokcivata.com\/index.php?rest_route=%2Fwp%2Fv2%2Fproduct_cat&post=47983"},{"taxonomy":"product_tag","embeddable":true,"href":"https:\/\/stokcivata.com\/index.php?rest_route=%2Fwp%2Fv2%2Fproduct_tag&post=47983"}],"curies":[{"name":"wp","href":"https:\/\/api.w.org\/{rel}","templated":true}]}}