{"id":47984,"date":"2025-12-24T12:10:27","date_gmt":"2025-12-24T09:10:27","guid":{"rendered":"https:\/\/stokcivata.com\/?post_type=product&#038;p=47984"},"modified":"2026-01-02T23:46:32","modified_gmt":"2026-01-02T20:46:32","slug":"yayli-pirinc-rondela-din-127","status":"publish","type":"product","link":"https:\/\/stokcivata.com\/?product=yayli-pirinc-rondela-din-127","title":{"rendered":"Yayl\u0131 Pirin\u00e7 Rondela DIN 127"},"content":{"rendered":"<p data-start=\"387\" data-end=\"594\"><strong data-start=\"387\" data-end=\"398\">DIN 127<\/strong> standard\u0131na uygun olarak \u00fcretilen bu yayl\u0131 rondela, pirin\u00e7 ala\u015f\u0131mdan imal edilmi\u015ftir. Yayl\u0131 yap\u0131s\u0131 sayesinde montaj s\u0131ras\u0131nda esneyerek ba\u011flant\u0131 elemanlar\u0131n\u0131n gev\u015femesini azaltmaya yard\u0131mc\u0131 olur.<\/p>\n<p data-start=\"596\" data-end=\"913\">Pirin\u00e7 malzemenin korozyon direnci ve manyetik olmamas\u0131, bu rondelay\u0131 nemli ortamlar, elektrik\u2013elektronik uygulamalar ve dekoratif montajlar i\u00e7in uygun hale getirir. D\u00fc\u015f\u00fck ve orta seviyede mekanik y\u00fck gerektiren ba\u011flant\u0131larda tercih edilir. Y\u00fcksek titre\u015fimli ve y\u00fcksek mukavemet gerektiren uygulamalar i\u00e7in \u00f6nerilmez.<\/p>\n","protected":false},"excerpt":{"rendered":"<p>Pirin\u00e7 malzemeden imal edilen bu yayl\u0131 rondela; titre\u015fim ve gev\u015femeye kar\u015f\u0131 ba\u011flant\u0131n\u0131n korunmas\u0131na yard\u0131mc\u0131 olmak amac\u0131yla kullan\u0131l\u0131r.<\/p>\n","protected":false},"featured_media":47987,"template":"","meta":[],"product_brand":[],"product_cat":[2113],"product_tag":[],"class_list":{"0":"post-47984","1":"product","2":"type-product","3":"status-publish","4":"has-post-thumbnail","6":"product_cat-pirinc-baglanti-elemanlari","8":"first","9":"instock","10":"shipping-taxable","11":"product-type-variable"},"_links":{"self":[{"href":"https:\/\/stokcivata.com\/index.php?rest_route=\/wp\/v2\/product\/47984","targetHints":{"allow":["GET"]}}],"collection":[{"href":"https:\/\/stokcivata.com\/index.php?rest_route=\/wp\/v2\/product"}],"about":[{"href":"https:\/\/stokcivata.com\/index.php?rest_route=\/wp\/v2\/types\/product"}],"wp:featuredmedia":[{"embeddable":true,"href":"https:\/\/stokcivata.com\/index.php?rest_route=\/wp\/v2\/media\/47987"}],"wp:attachment":[{"href":"https:\/\/stokcivata.com\/index.php?rest_route=%2Fwp%2Fv2%2Fmedia&parent=47984"}],"wp:term":[{"taxonomy":"product_brand","embeddable":true,"href":"https:\/\/stokcivata.com\/index.php?rest_route=%2Fwp%2Fv2%2Fproduct_brand&post=47984"},{"taxonomy":"product_cat","embeddable":true,"href":"https:\/\/stokcivata.com\/index.php?rest_route=%2Fwp%2Fv2%2Fproduct_cat&post=47984"},{"taxonomy":"product_tag","embeddable":true,"href":"https:\/\/stokcivata.com\/index.php?rest_route=%2Fwp%2Fv2%2Fproduct_tag&post=47984"}],"curies":[{"name":"wp","href":"https:\/\/api.w.org\/{rel}","templated":true}]}}