{"id":47988,"date":"2025-12-24T12:13:18","date_gmt":"2025-12-24T09:13:18","guid":{"rendered":"https:\/\/stokcivata.com\/?post_type=product&#038;p=47988"},"modified":"2026-04-18T18:02:41","modified_gmt":"2026-04-18T15:02:41","slug":"kapali-kor-pirinc-somun-din-1587","status":"publish","type":"product","link":"https:\/\/stokcivata.com\/?product=kapali-kor-pirinc-somun-din-1587","title":{"rendered":"Kapal\u0131 (K\u00f6r) Pirin\u00e7 Somun DIN 1587"},"content":{"rendered":"<p data-start=\"448\" data-end=\"727\"><strong data-start=\"448\" data-end=\"460\">DIN 1587<\/strong> standard\u0131na uygun olarak \u00fcretilen bu kapal\u0131 (k\u00f6r) somun, pirin\u00e7 ala\u015f\u0131mdan imal edilmi\u015ftir. \u00dcst k\u0131sm\u0131n\u0131n kapal\u0131 yap\u0131s\u0131 sayesinde civatan\u0131n di\u015fli ucu d\u0131\u015f ortamla temas etmez; bu sayede hem estetik bir g\u00f6r\u00fcn\u00fcm elde edilir hem de ba\u011flant\u0131 ucu d\u0131\u015f etkilere kar\u015f\u0131 korunur.<\/p>\n<p data-start=\"729\" data-end=\"1046\">Pirin\u00e7 malzemenin do\u011fal korozyon direnci ve manyetik olmamas\u0131, bu \u00fcr\u00fcn\u00fc dekoratif montajlar, elektrik\u2013elektronik uygulamalar ve i\u00e7 mek\u00e2n ba\u011flant\u0131lar\u0131 i\u00e7in uygun hale getirir. D\u00fc\u015f\u00fck ve orta seviyede mekanik y\u00fck gerektiren uygulamalarda tercih edilir. Y\u00fcksek mukavemet gerektiren end\u00fcstriyel uygulamalar i\u00e7in \u00f6nerilmez.<\/p>\n","protected":false},"excerpt":{"rendered":"<p>Pirin\u00e7 malzemeden imal edilen bu kapal\u0131 (k\u00f6r) somun; ba\u011flant\u0131 ucunu kapatarak estetik bir g\u00f6r\u00fcn\u00fcm sa\u011flamak ve d\u0131\u015f etkilere kar\u015f\u0131 koruma amac\u0131yla kullan\u0131l\u0131r.<\/p>\n","protected":false},"featured_media":47986,"template":"","meta":[],"product_brand":[],"product_cat":[2113],"product_tag":[],"class_list":{"0":"post-47988","1":"product","2":"type-product","3":"status-publish","4":"has-post-thumbnail","6":"product_cat-pirinc-baglanti-elemanlari","8":"first","9":"instock","10":"shipping-taxable","11":"purchasable","12":"product-type-variable"},"_links":{"self":[{"href":"https:\/\/stokcivata.com\/index.php?rest_route=\/wp\/v2\/product\/47988","targetHints":{"allow":["GET"]}}],"collection":[{"href":"https:\/\/stokcivata.com\/index.php?rest_route=\/wp\/v2\/product"}],"about":[{"href":"https:\/\/stokcivata.com\/index.php?rest_route=\/wp\/v2\/types\/product"}],"wp:featuredmedia":[{"embeddable":true,"href":"https:\/\/stokcivata.com\/index.php?rest_route=\/wp\/v2\/media\/47986"}],"wp:attachment":[{"href":"https:\/\/stokcivata.com\/index.php?rest_route=%2Fwp%2Fv2%2Fmedia&parent=47988"}],"wp:term":[{"taxonomy":"product_brand","embeddable":true,"href":"https:\/\/stokcivata.com\/index.php?rest_route=%2Fwp%2Fv2%2Fproduct_brand&post=47988"},{"taxonomy":"product_cat","embeddable":true,"href":"https:\/\/stokcivata.com\/index.php?rest_route=%2Fwp%2Fv2%2Fproduct_cat&post=47988"},{"taxonomy":"product_tag","embeddable":true,"href":"https:\/\/stokcivata.com\/index.php?rest_route=%2Fwp%2Fv2%2Fproduct_tag&post=47988"}],"curies":[{"name":"wp","href":"https:\/\/api.w.org\/{rel}","templated":true}]}}