{"id":48821,"date":"2026-01-20T18:00:12","date_gmt":"2026-01-20T15:00:12","guid":{"rendered":"https:\/\/stokcivata.com\/?post_type=product&#038;p=48821"},"modified":"2026-01-21T12:49:44","modified_gmt":"2026-01-21T09:49:44","slug":"din-912-tam-paso-imbus-civata","status":"publish","type":"product","link":"https:\/\/stokcivata.com\/?product=din-912-tam-paso-imbus-civata","title":{"rendered":"DIN 912 Tam Paso \u0130mbus C\u0131vata"},"content":{"rendered":"\r\n<p id=\"wd-40ec314e\" class=\"wp-block-wd-paragraph\"><strong>DIN 912<\/strong>, <strong>silindir ba\u015fl\u0131 imbus (alyan) c\u0131vatalar<\/strong> i\u00e7in kullan\u0131lan uluslararas\u0131 standartt\u0131r. End\u00fcstride en \u00e7ok tercih edilen ba\u011flant\u0131 elemanlar\u0131ndan biridir. Ba\u015f k\u0131sm\u0131n\u0131n silindirik formu ve i\u00e7ten alyan s\u00fcr\u00fcc\u00fcs\u00fc sayesinde dar alanlarda g\u00fc\u00e7l\u00fc ve pratik montaj imk\u00e2n\u0131 sunar.<\/p>\r\n \r\n<p id=\"wd-c3507af6\" class=\"wp-block-wd-paragraph\"><strong>Y\u00fcksek kalite \u00e7elikten \u00fcretilen DIN 912 c\u0131vatalar<\/strong>, genellikle 8.8, 10.9 ve 12.9 kalite olarak sunulur. Bu sayede y\u00fcksek gerilime maruz kalan ba\u011flant\u0131larda bile g\u00fcvenle kullan\u0131labilir.<\/p>\r\n \r\n<p id=\"wd-0db390c6\" class=\"wp-block-wd-paragraph\"><strong>Kullan\u0131m Alanlar\u0131:<\/strong> Makine imalat\u0131, otomotiv sekt\u00f6r\u00fc, hidrolik sistemler, kal\u0131p ve aparat montajlar\u0131, CNC ve robotik sistemler.<\/p>\r\n<strong>***Bu \u00fcr\u00fcn\u00fcm\u00fcz \u00f6zel kullan\u0131m ama\u00e7lar\u0131na g\u00f6re b\u00fct\u00fcn boylar\u0131 tam di\u015fli olarak imal edilmektedir. Stoklar\u0131m\u0131zda s\u0131n\u0131rl\u0131 olarak bulundu\u011fu i\u00e7in ihtiyac\u0131n\u0131z olan \u00f6l\u00e7\u00fc i\u00e7in sat\u0131n almadan \u00f6nce stok sorgulay\u0131n\u0131z.<\/strong>\r\n\r\n \r\n<p id=\"wd-2516cd31\" class=\"wp-block-wd-paragraph\"><strong>Teknik \u00d6zellikler:<\/strong><\/p>\r\n \r\n<figure class=\"wp-block-table\">\r\n<table class=\"has-fixed-layout\">\r\n<thead>\r\n<tr>\r\n<th>\u00d6zellik<\/th>\r\n<th>De\u011fer<\/th>\r\n<\/tr>\r\n<\/thead>\r\n<tbody>\r\n<tr>\r\n<td>Standart<\/td>\r\n<td>DIN 912-Tam Paso (Tam Di\u015f)<\/td>\r\n<\/tr>\r\n<tr>\r\n<td>Ba\u015f Tipi<\/td>\r\n<td>Silindir ba\u015fl\u0131, alyan (imbus) a\u011f\u0131zl\u0131<\/td>\r\n<\/tr>\r\n<tr>\r\n<td>Malzeme<\/td>\r\n<td>\u00c7elik (8.8 \/ 10.9 \/ 12.9 kalite), paslanmaz \u00e7elik (A2 \/ A4)<\/td>\r\n<\/tr>\r\n<tr>\r\n<td>Kaplama<\/td>\r\n<td>Galvaniz, siyah oksit, paslanmaz<\/td>\r\n<\/tr>\r\n<tr>\r\n<td>\u00d6ne \u00c7\u0131kan \u00d6zellik<\/td>\r\n<td>Y\u00fcksek mukavemet, dar alanda montaj kolayl\u0131\u011f\u0131<\/td>\r\n<\/tr>\r\n<\/tbody>\r\n<\/table>\r\n<\/figure>\r\n","protected":false},"excerpt":{"rendered":"<p><strong>Bu \u00fcr\u00fcn\u00fcm\u00fcz \u00f6zel kullan\u0131m ama\u00e7lar\u0131na g\u00f6re b\u00fct\u00fcn boylar\u0131 tam di\u015fli olarak imal edilmektedir. Stoklar\u0131m\u0131zda s\u0131n\u0131rl\u0131 olarak bulundu\u011fu i\u00e7in ihtiyac\u0131n\u0131z olan \u00f6l\u00e7\u00fc i\u00e7in sat\u0131n almadan \u00f6nce stok sorgulay\u0131n\u0131z.<\/strong><\/p>\n","protected":false},"featured_media":42412,"template":"","meta":[],"product_brand":[],"product_cat":[1068],"product_tag":[],"class_list":{"0":"post-48821","1":"product","2":"type-product","3":"status-publish","4":"has-post-thumbnail","6":"product_cat-imbus-basli-civatalar","8":"first","9":"instock","10":"shipping-taxable","11":"product-type-simple"},"_links":{"self":[{"href":"https:\/\/stokcivata.com\/index.php?rest_route=\/wp\/v2\/product\/48821","targetHints":{"allow":["GET"]}}],"collection":[{"href":"https:\/\/stokcivata.com\/index.php?rest_route=\/wp\/v2\/product"}],"about":[{"href":"https:\/\/stokcivata.com\/index.php?rest_route=\/wp\/v2\/types\/product"}],"wp:featuredmedia":[{"embeddable":true,"href":"https:\/\/stokcivata.com\/index.php?rest_route=\/wp\/v2\/media\/42412"}],"wp:attachment":[{"href":"https:\/\/stokcivata.com\/index.php?rest_route=%2Fwp%2Fv2%2Fmedia&parent=48821"}],"wp:term":[{"taxonomy":"product_brand","embeddable":true,"href":"https:\/\/stokcivata.com\/index.php?rest_route=%2Fwp%2Fv2%2Fproduct_brand&post=48821"},{"taxonomy":"product_cat","embeddable":true,"href":"https:\/\/stokcivata.com\/index.php?rest_route=%2Fwp%2Fv2%2Fproduct_cat&post=48821"},{"taxonomy":"product_tag","embeddable":true,"href":"https:\/\/stokcivata.com\/index.php?rest_route=%2Fwp%2Fv2%2Fproduct_tag&post=48821"}],"curies":[{"name":"wp","href":"https:\/\/api.w.org\/{rel}","templated":true}]}}