{"id":48848,"date":"2026-01-20T18:01:21","date_gmt":"2026-01-20T15:01:21","guid":{"rendered":"https:\/\/stokcivata.com\/?post_type=product&#038;p=48848"},"modified":"2026-01-20T18:01:21","modified_gmt":"2026-01-20T15:01:21","slug":"din-6798-i-ic-tirtilli-pul-rondela","status":"publish","type":"product","link":"https:\/\/stokcivata.com\/?product=din-6798-i-ic-tirtilli-pul-rondela","title":{"rendered":"DIN 6798 I \u0130\u00e7 T\u0131rt\u0131ll\u0131 Pul Rondela"},"content":{"rendered":"","protected":false},"excerpt":{"rendered":"","protected":false},"featured_media":0,"template":"","meta":[],"product_brand":[],"product_cat":[],"product_tag":[],"class_list":{"0":"post-48848","1":"product","2":"type-product","3":"status-publish","6":"first","7":"instock","8":"shipping-taxable","9":"product-type-simple"},"_links":{"self":[{"href":"https:\/\/stokcivata.com\/index.php?rest_route=\/wp\/v2\/product\/48848","targetHints":{"allow":["GET"]}}],"collection":[{"href":"https:\/\/stokcivata.com\/index.php?rest_route=\/wp\/v2\/product"}],"about":[{"href":"https:\/\/stokcivata.com\/index.php?rest_route=\/wp\/v2\/types\/product"}],"wp:attachment":[{"href":"https:\/\/stokcivata.com\/index.php?rest_route=%2Fwp%2Fv2%2Fmedia&parent=48848"}],"wp:term":[{"taxonomy":"product_brand","embeddable":true,"href":"https:\/\/stokcivata.com\/index.php?rest_route=%2Fwp%2Fv2%2Fproduct_brand&post=48848"},{"taxonomy":"product_cat","embeddable":true,"href":"https:\/\/stokcivata.com\/index.php?rest_route=%2Fwp%2Fv2%2Fproduct_cat&post=48848"},{"taxonomy":"product_tag","embeddable":true,"href":"https:\/\/stokcivata.com\/index.php?rest_route=%2Fwp%2Fv2%2Fproduct_tag&post=48848"}],"curies":[{"name":"wp","href":"https:\/\/api.w.org\/{rel}","templated":true}]}}