{"id":48853,"date":"2026-01-20T18:01:32","date_gmt":"2026-01-20T15:01:32","guid":{"rendered":"https:\/\/stokcivata.com\/?post_type=product&#038;p=48853"},"modified":"2026-03-03T10:05:26","modified_gmt":"2026-03-03T07:05:26","slug":"trapez-cati-vidasi-12-mm-deler","status":"publish","type":"product","link":"https:\/\/stokcivata.com\/?product=trapez-cati-vidasi-12-mm-deler","title":{"rendered":"Trapez \u00c7at\u0131 Vidas\u0131 12 mm Deler"},"content":{"rendered":"","protected":false},"excerpt":{"rendered":"","protected":false},"featured_media":0,"template":"","meta":[],"product_brand":[],"product_cat":[323],"product_tag":[],"class_list":{"0":"post-48853","1":"product","2":"type-product","3":"status-publish","5":"product_cat-cati-vidalari","7":"first","8":"instock","9":"shipping-taxable","10":"product-type-simple"},"_links":{"self":[{"href":"https:\/\/stokcivata.com\/index.php?rest_route=\/wp\/v2\/product\/48853","targetHints":{"allow":["GET"]}}],"collection":[{"href":"https:\/\/stokcivata.com\/index.php?rest_route=\/wp\/v2\/product"}],"about":[{"href":"https:\/\/stokcivata.com\/index.php?rest_route=\/wp\/v2\/types\/product"}],"wp:attachment":[{"href":"https:\/\/stokcivata.com\/index.php?rest_route=%2Fwp%2Fv2%2Fmedia&parent=48853"}],"wp:term":[{"taxonomy":"product_brand","embeddable":true,"href":"https:\/\/stokcivata.com\/index.php?rest_route=%2Fwp%2Fv2%2Fproduct_brand&post=48853"},{"taxonomy":"product_cat","embeddable":true,"href":"https:\/\/stokcivata.com\/index.php?rest_route=%2Fwp%2Fv2%2Fproduct_cat&post=48853"},{"taxonomy":"product_tag","embeddable":true,"href":"https:\/\/stokcivata.com\/index.php?rest_route=%2Fwp%2Fv2%2Fproduct_tag&post=48853"}],"curies":[{"name":"wp","href":"https:\/\/api.w.org\/{rel}","templated":true}]}}