{"id":48877,"date":"2026-01-20T18:02:26","date_gmt":"2026-01-20T15:02:26","guid":{"rendered":"https:\/\/stokcivata.com\/?post_type=product&#038;p=48877"},"modified":"2026-02-09T09:55:32","modified_gmt":"2026-02-09T06:55:32","slug":"plastik-bulon-burc","status":"publish","type":"product","link":"https:\/\/stokcivata.com\/?product=plastik-bulon-burc","title":{"rendered":"Plastik Bulon Bur\u00e7"},"content":{"rendered":"\n<hr \/>\n<h3>Ara Bulon<\/h3>\n<p><strong>Polyamid (PA)<\/strong> malzemeden &uuml;retilmi\u015f ara bulon. Hafif yap\u0131s\u0131, korozyona kar\u015f\u0131 dayan\u0131m\u0131 ve elektriksel yal\u0131tkanl\u0131\u011f\u0131 sayesinde iki par&ccedil;a aras\u0131nda g&uuml;venli mesafe ve ba\u011flant\u0131 olu\u015fturmak i&ccedil;in kullan\u0131l\u0131r.<\/p>\n<div style=\"text-align: center; margin: 20px 0;\"><img decoding=\"async\" src=\"https:\/\/stokcivata.com\/wp-content\/uploads\/2026\/02\/stokc_arabulon_teknikr.png\" alt=\"\" \/><\/div>\n<hr \/>\n<h3>\ud83d\udcca &Ouml;l&ccedil;&uuml; Tablosu<\/h3>\n<p>A\u015fa\u011f\u0131daki tabloda <strong>Ara Bulon<\/strong> i&ccedil;in standart &ouml;l&ccedil;&uuml; de\u011ferleri yer almaktad\u0131r. Uygulama alan\u0131na g&ouml;re uygun &ccedil;ap ve boy se&ccedil;imi yap\u0131lmal\u0131d\u0131r.<\/p>\n<table style=\"height: 604px; width: 854px;\" border=\"1\" width=\"495\">\n<tbody>\n<tr>\n<td style=\"width: 202.812px;\">D\u0131\u015f &Ouml;l&ccedil;&uuml;s&uuml; (&Oslash;D)<\/td>\n<td style=\"width: 185.43px;\">\u0130&ccedil; &Ouml;l&ccedil;&uuml;s&uuml; (&Oslash;d)<\/td>\n<td style=\"width: 171.914px;\">*Tam Boy (h)<\/td>\n<td style=\"width: 267.109px;\">Referans No<\/td>\n<\/tr>\n<tr>\n<td style=\"width: 202.812px;\">&Oslash; 4 mm<\/td>\n<td style=\"width: 185.43px;\">&Oslash; 1.5 mm<\/td>\n<td style=\"width: 171.914px;\">2-20 mm<\/td>\n<td style=\"width: 267.109px;\">BK31.0032.040015<\/td>\n<\/tr>\n<tr>\n<td style=\"width: 202.812px;\">&Oslash; 4 mm<\/td>\n<td style=\"width: 185.43px;\">&Oslash; 2.2 mm<\/td>\n<td style=\"width: 171.914px;\">1-50 mm<\/td>\n<td style=\"width: 267.109px;\">BK31.0032.040022<\/td>\n<\/tr>\n<tr>\n<td style=\"width: 202.812px;\">&Oslash; 4 mm<\/td>\n<td style=\"width: 185.43px;\">&Oslash; 2.7 mm<\/td>\n<td style=\"width: 171.914px;\">2-30 mm<\/td>\n<td style=\"width: 267.109px;\">BK31.0032.040027<\/td>\n<\/tr>\n<tr>\n<td style=\"width: 202.812px;\">&Oslash; 4 mm<\/td>\n<td style=\"width: 185.43px;\">&Oslash; 3.0 mm<\/td>\n<td style=\"width: 171.914px;\">2-20 mm<\/td>\n<td style=\"width: 267.109px;\">BK31.0032.040030<\/td>\n<\/tr>\n<tr>\n<td style=\"width: 202.812px;\">&Oslash; 5 mm<\/td>\n<td style=\"width: 185.43px;\">&Oslash; 2.2 mm<\/td>\n<td style=\"width: 171.914px;\">2-45 mm<\/td>\n<td style=\"width: 267.109px;\">BK31.0032.050022<\/td>\n<\/tr>\n<tr>\n<td style=\"width: 202.812px;\">&Oslash; 5 mm<\/td>\n<td style=\"width: 185.43px;\">&Oslash; 2.7 mm<\/td>\n<td style=\"width: 171.914px;\">2-55 mm<\/td>\n<td style=\"width: 267.109px;\">BK31.0032.050027<\/td>\n<\/tr>\n<tr>\n<td style=\"width: 202.812px;\">&Oslash; 5 mm<\/td>\n<td style=\"width: 185.43px;\">&Oslash; 3.2 mm<\/td>\n<td style=\"width: 171.914px;\">2-50 mm<\/td>\n<td style=\"width: 267.109px;\">BK31.0032.050032<\/td>\n<\/tr>\n<tr>\n<td style=\"width: 202.812px;\">&Oslash; 5 mm<\/td>\n<td style=\"width: 185.43px;\">&Oslash; 3.4 mm<\/td>\n<td style=\"width: 171.914px;\">3-45 mm<\/td>\n<td style=\"width: 267.109px;\">BK31.0032.050034<\/td>\n<\/tr>\n<tr>\n<td style=\"width: 202.812px;\">&Oslash; 5.5 mm<\/td>\n<td style=\"width: 185.43px;\">&Oslash; 3.4 mm<\/td>\n<td style=\"width: 171.914px;\">2-60 mm<\/td>\n<td style=\"width: 267.109px;\">BK31.0032.055035<\/td>\n<\/tr>\n<tr>\n<td style=\"width: 202.812px;\">&Oslash; 6 mm<\/td>\n<td style=\"width: 185.43px;\">&Oslash; 2.2 mm<\/td>\n<td style=\"width: 171.914px;\">2-50 mm<\/td>\n<td style=\"width: 267.109px;\">BK31.0032.060022<\/td>\n<\/tr>\n<tr>\n<td style=\"width: 202.812px;\">&Oslash; 6 mm<\/td>\n<td style=\"width: 185.43px;\">&Oslash; 2.7 mm<\/td>\n<td style=\"width: 171.914px;\">2-55 mm<\/td>\n<td style=\"width: 267.109px;\">BK31.0032.060027<\/td>\n<\/tr>\n<tr>\n<td style=\"width: 202.812px;\">&Oslash; 6 mm<\/td>\n<td style=\"width: 185.43px;\">&Oslash; 3.2 mm<\/td>\n<td style=\"width: 171.914px;\">2-60 mm<\/td>\n<td style=\"width: 267.109px;\">BK31.0032.060032<\/td>\n<\/tr>\n<tr>\n<td style=\"width: 202.812px;\">&Oslash; 6 mm<\/td>\n<td style=\"width: 185.43px;\">&Oslash; 4.1 mm<\/td>\n<td style=\"width: 171.914px;\">2-54 mm<\/td>\n<td style=\"width: 267.109px;\">BK31.0032.060041<\/td>\n<\/tr>\n<tr>\n<td style=\"width: 202.812px;\">&Oslash; 6 mm<\/td>\n<td style=\"width: 185.43px;\">&Oslash; 4.5 mm<\/td>\n<td style=\"width: 171.914px;\">2-54 mm<\/td>\n<td style=\"width: 267.109px;\">BK31.0032.060045<\/td>\n<\/tr>\n<tr>\n<td style=\"width: 202.812px;\">&Oslash; 6.4 mm<\/td>\n<td style=\"width: 185.43px;\">&Oslash; 4.3 mm<\/td>\n<td style=\"width: 171.914px;\">2-60 mm<\/td>\n<td style=\"width: 267.109px;\">BK31.0032.064043<\/td>\n<\/tr>\n<tr>\n<td style=\"width: 202.812px;\">&Oslash; 7 mm<\/td>\n<td style=\"width: 185.43px;\">&Oslash; 3.6 mm<\/td>\n<td style=\"width: 171.914px;\">2-60 mm<\/td>\n<td style=\"width: 267.109px;\">BK31.0032.070036<\/td>\n<\/tr>\n<tr>\n<td style=\"width: 202.812px;\">&Oslash; 7 mm<\/td>\n<td style=\"width: 185.43px;\">&Oslash; 5.0 mm<\/td>\n<td style=\"width: 171.914px;\">2-53 mm<\/td>\n<td style=\"width: 267.109px;\">BK31.0032.070050<\/td>\n<\/tr>\n<tr>\n<td style=\"width: 202.812px;\">&Oslash; 8 mm<\/td>\n<td style=\"width: 185.43px;\">&Oslash; 2.5 mm<\/td>\n<td style=\"width: 171.914px;\">2-50 mm<\/td>\n<td style=\"width: 267.109px;\">BK31.0032.080025<\/td>\n<\/tr>\n<tr>\n<td style=\"width: 202.812px;\">&Oslash; 8 mm<\/td>\n<td style=\"width: 185.43px;\">&Oslash; 4.1 mm<\/td>\n<td style=\"width: 171.914px;\">2-60 mm<\/td>\n<td style=\"width: 267.109px;\">BK31.0032.080041<\/td>\n<\/tr>\n<tr>\n<td style=\"width: 202.812px;\">&Oslash; 8 mm<\/td>\n<td style=\"width: 185.43px;\">&Oslash; 5.2 mm<\/td>\n<td style=\"width: 171.914px;\">2-60 mm<\/td>\n<td style=\"width: 267.109px;\">BK31.0032.080052<\/td>\n<\/tr>\n<tr>\n<td style=\"width: 202.812px;\">&Oslash; 8.5 mm<\/td>\n<td style=\"width: 185.43px;\">&Oslash; 5.5 mm<\/td>\n<td style=\"width: 171.914px;\">2-60 mm<\/td>\n<td style=\"width: 267.109px;\">BK31.0032.085055<\/td>\n<\/tr>\n<tr>\n<td style=\"width: 202.812px;\">&Oslash; 9 mm<\/td>\n<td style=\"width: 185.43px;\">&Oslash; 6.2 mm<\/td>\n<td style=\"width: 171.914px;\">2-63 mm<\/td>\n<td style=\"width: 267.109px;\">BK31.0032.090063<\/td>\n<\/tr>\n<tr>\n<td style=\"width: 202.812px;\">&Oslash; 9 mm<\/td>\n<td style=\"width: 185.43px;\">&Oslash; 7.0 mm<\/td>\n<td style=\"width: 171.914px;\">2-50 mm<\/td>\n<td style=\"width: 267.109px;\">BK31.0032.090070<\/td>\n<\/tr>\n<\/tbody>\n<\/table>\n<hr \/>\n<h3>\ud83d\udccc Teknik Notlar<\/h3>\n<ul>\n<li>Polyamid malzemeden &uuml;retilmi\u015ftir.<\/li>\n<li>Is\u0131ya kar\u015f\u0131 55-100 dereceye kadar dayanabilmektedir.<\/li>\n<li>Asit ve bazlara kar\u015f\u0131 diren&ccedil;lidir. (PP)<\/li>\n<li>\n<p>Sipari\u015f &uuml;zerine istenilen renklerde ( RAL numaras\u0131na g&ouml;re ) &uuml;retilir.<\/p>\n<p>*Tam Boy (h) de\u011feri imal edilebilecek &ouml;l&ccedil;&uuml; aral\u0131\u011f\u0131n\u0131 belirtmektedir. Stok ve fiyat bilgisi i&ccedil;in bizimle irtibata ge&ccedil;iniz.&nbsp;<\/p>\n<\/li>\n<\/ul>\n\n","protected":false},"excerpt":{"rendered":"","protected":false},"featured_media":49208,"template":"","meta":[],"product_brand":[],"product_cat":[326],"product_tag":[],"class_list":{"0":"post-48877","1":"product","2":"type-product","3":"status-publish","4":"has-post-thumbnail","6":"product_cat-plastik-baglanti-elemanlari","8":"first","9":"instock","10":"shipping-taxable","11":"product-type-simple"},"_links":{"self":[{"href":"https:\/\/stokcivata.com\/index.php?rest_route=\/wp\/v2\/product\/48877","targetHints":{"allow":["GET"]}}],"collection":[{"href":"https:\/\/stokcivata.com\/index.php?rest_route=\/wp\/v2\/product"}],"about":[{"href":"https:\/\/stokcivata.com\/index.php?rest_route=\/wp\/v2\/types\/product"}],"wp:featuredmedia":[{"embeddable":true,"href":"https:\/\/stokcivata.com\/index.php?rest_route=\/wp\/v2\/media\/49208"}],"wp:attachment":[{"href":"https:\/\/stokcivata.com\/index.php?rest_route=%2Fwp%2Fv2%2Fmedia&parent=48877"}],"wp:term":[{"taxonomy":"product_brand","embeddable":true,"href":"https:\/\/stokcivata.com\/index.php?rest_route=%2Fwp%2Fv2%2Fproduct_brand&post=48877"},{"taxonomy":"product_cat","embeddable":true,"href":"https:\/\/stokcivata.com\/index.php?rest_route=%2Fwp%2Fv2%2Fproduct_cat&post=48877"},{"taxonomy":"product_tag","embeddable":true,"href":"https:\/\/stokcivata.com\/index.php?rest_route=%2Fwp%2Fv2%2Fproduct_tag&post=48877"}],"curies":[{"name":"wp","href":"https:\/\/api.w.org\/{rel}","templated":true}]}}