{"id":48883,"date":"2026-01-20T18:02:43","date_gmt":"2026-01-20T15:02:43","guid":{"rendered":"https:\/\/stokcivata.com\/?post_type=product&#038;p=48883"},"modified":"2026-02-04T09:29:23","modified_gmt":"2026-02-04T06:29:23","slug":"bakalit-topuz-disi-burclu","status":"publish","type":"product","link":"https:\/\/stokcivata.com\/?product=bakalit-topuz-disi-burclu","title":{"rendered":"Bakalit Topuz Somunlu"},"content":{"rendered":"<hr \/>\n<h3>Bakalit Topuz Somunlu<\/h3>\n<p>Bakalit ba\u015fl\u0131 topuz, ergonomik kavrama sa\u011flayan formu ve dayan\u0131kl\u0131 bakalit g\u00f6vdesi sayesinde el ile ayar, s\u0131kma ve sabitleme i\u015flemlerinde pratik kullan\u0131m sunan end\u00fcstriyel bir kontrol eleman\u0131d\u0131r. Is\u0131ya, darbelere ve kimyasallara kar\u015f\u0131 diren\u00e7li yap\u0131s\u0131yla uzun \u00f6m\u00fcrl\u00fcd\u00fcr. Teknik tablodan yapaca\u011f\u0131n\u0131z se\u00e7ime kar\u015f\u0131l\u0131k gelen Referans kodunu \u00fcr\u00fcn se\u00e7eneklerinden bulup sepetinize atabilirsiniz.<\/p>\n<div style=\"text-align: center; margin: 20px 0;\"><img loading=\"lazy\" decoding=\"async\" class=\"aligncenter\" src=\"https:\/\/stokcivata.com\/wp-content\/uploads\/2026\/01\/bakalittopuz_teknikresim.png\" alt=\"\" width=\"400\" height=\"358\" \/><\/div>\n<hr \/>\n<h3>\ud83d\udcca \u00d6l\u00e7\u00fc Tablosu<\/h3>\n<p>A\u015fa\u011f\u0131daki tabloda Bakalit Topuz Somunlu i\u00e7in standart \u00f6l\u00e7\u00fc de\u011ferleri yer almaktad\u0131r. Uygulama alan\u0131na g\u00f6re uygun \u00e7ap ve boy se\u00e7imi yap\u0131lmal\u0131d\u0131r.<\/p>\n<table style=\"width: 100%; border-collapse: collapse; text-align: center;\">\n<thead>\n<tr>\n<th style=\"border: 1px solid #cccccc; padding: 8px; width: 10%;\">NO<\/th>\n<th style=\"border: 1px solid #cccccc; padding: 8px; width: 15%;\">\u00d8R (mm)<\/th>\n<th style=\"border: 1px solid #cccccc; padding: 8px; width: 15%;\">D (M)<\/th>\n<th style=\"border: 1px solid #cccccc; padding: 8px; width: 15%;\">h (mm)<\/th>\n<th style=\"border: 1px solid #cccccc; padding: 8px; width: 15%;\">H (mm)<\/th>\n<th style=\"border: 1px solid #cccccc; padding: 8px; width: 20%;\">Referans<\/th>\n<\/tr>\n<\/thead>\n<tbody>\n<tr>\n<td style=\"border: 1px solid #cccccc; padding: 8px; width: 10%;\">1<\/td>\n<td style=\"border: 1px solid #cccccc; padding: 8px; width: 15%;\">\u00d825 mm<\/td>\n<td style=\"border: 1px solid #cccccc; padding: 8px; width: 15%;\">M 5<\/td>\n<td style=\"border: 1px solid #cccccc; padding: 8px; width: 15%;\">10 mm<\/td>\n<td style=\"border: 1px solid #cccccc; padding: 8px; width: 15%;\">24 mm<\/td>\n<td style=\"border: 1px solid #cccccc; padding: 8px; width: 20%;\">T 25 5<\/td>\n<\/tr>\n<tr>\n<td style=\"border: 1px solid #cccccc; padding: 8px; width: 10%;\">1<\/td>\n<td style=\"border: 1px solid #cccccc; padding: 8px; width: 15%;\">\u00d825 mm<\/td>\n<td style=\"border: 1px solid #cccccc; padding: 8px; width: 15%;\">M 6<\/td>\n<td style=\"border: 1px solid #cccccc; padding: 8px; width: 15%;\">12 mm<\/td>\n<td style=\"border: 1px solid #cccccc; padding: 8px; width: 15%;\">24 mm<\/td>\n<td style=\"border: 1px solid #cccccc; padding: 8px; width: 20%;\">T 25 6<\/td>\n<\/tr>\n<tr>\n<td style=\"border: 1px solid #cccccc; padding: 8px; width: 10%;\">1<\/td>\n<td style=\"border: 1px solid #cccccc; padding: 8px; width: 15%;\">\u00d825 mm<\/td>\n<td style=\"border: 1px solid #cccccc; padding: 8px; width: 15%;\">M 8<\/td>\n<td style=\"border: 1px solid #cccccc; padding: 8px; width: 15%;\">12 mm<\/td>\n<td style=\"border: 1px solid #cccccc; padding: 8px; width: 15%;\">24 mm<\/td>\n<td style=\"border: 1px solid #cccccc; padding: 8px; width: 20%;\">T 25 8<\/td>\n<\/tr>\n<tr>\n<td style=\"border: 1px solid #cccccc; padding: 8px; width: 10%;\">2<\/td>\n<td style=\"border: 1px solid #cccccc; padding: 8px; width: 15%;\">\u00d830 mm<\/td>\n<td style=\"border: 1px solid #cccccc; padding: 8px; width: 15%;\">M 6<\/td>\n<td style=\"border: 1px solid #cccccc; padding: 8px; width: 15%;\">12 mm<\/td>\n<td style=\"border: 1px solid #cccccc; padding: 8px; width: 15%;\">29 mm<\/td>\n<td style=\"border: 1px solid #cccccc; padding: 8px; width: 20%;\">T 30 6<\/td>\n<\/tr>\n<tr>\n<td style=\"border: 1px solid #cccccc; padding: 8px; width: 10%;\">2<\/td>\n<td style=\"border: 1px solid #cccccc; padding: 8px; width: 15%;\">\u00d830 mm<\/td>\n<td style=\"border: 1px solid #cccccc; padding: 8px; width: 15%;\">M 8<\/td>\n<td style=\"border: 1px solid #cccccc; padding: 8px; width: 15%;\">12 mm<\/td>\n<td style=\"border: 1px solid #cccccc; padding: 8px; width: 15%;\">29 mm<\/td>\n<td style=\"border: 1px solid #cccccc; padding: 8px; width: 20%;\">T 30 8<\/td>\n<\/tr>\n<tr>\n<td style=\"border: 1px solid #cccccc; padding: 8px; width: 10%;\">2<\/td>\n<td style=\"border: 1px solid #cccccc; padding: 8px; width: 15%;\">\u00d830 mm<\/td>\n<td style=\"border: 1px solid #cccccc; padding: 8px; width: 15%;\">M 10<\/td>\n<td style=\"border: 1px solid #cccccc; padding: 8px; width: 15%;\">12 mm<\/td>\n<td style=\"border: 1px solid #cccccc; padding: 8px; width: 15%;\">29 mm<\/td>\n<td style=\"border: 1px solid #cccccc; padding: 8px; width: 20%;\">T 30 10<\/td>\n<\/tr>\n<tr>\n<td style=\"border: 1px solid #cccccc; padding: 8px; width: 10%;\">3<\/td>\n<td style=\"border: 1px solid #cccccc; padding: 8px; width: 15%;\">\u00d835 mm<\/td>\n<td style=\"border: 1px solid #cccccc; padding: 8px; width: 15%;\">M 6<\/td>\n<td style=\"border: 1px solid #cccccc; padding: 8px; width: 15%;\">17 mm<\/td>\n<td style=\"border: 1px solid #cccccc; padding: 8px; width: 15%;\">34 mm<\/td>\n<td style=\"border: 1px solid #cccccc; padding: 8px; width: 20%;\">T 35 6<\/td>\n<\/tr>\n<tr>\n<td style=\"border: 1px solid #cccccc; padding: 8px; width: 10%;\">3<\/td>\n<td style=\"border: 1px solid #cccccc; padding: 8px; width: 15%;\">\u00d835 mm<\/td>\n<td style=\"border: 1px solid #cccccc; padding: 8px; width: 15%;\">M 8<\/td>\n<td style=\"border: 1px solid #cccccc; padding: 8px; width: 15%;\">17 mm<\/td>\n<td style=\"border: 1px solid #cccccc; padding: 8px; width: 15%;\">34 mm<\/td>\n<td style=\"border: 1px solid #cccccc; padding: 8px; width: 20%;\">T 35 8<\/td>\n<\/tr>\n<tr>\n<td style=\"border: 1px solid #cccccc; padding: 8px; width: 10%;\">3<\/td>\n<td style=\"border: 1px solid #cccccc; padding: 8px; width: 15%;\">\u00d835 mm<\/td>\n<td style=\"border: 1px solid #cccccc; padding: 8px; width: 15%;\">M 10<\/td>\n<td style=\"border: 1px solid #cccccc; padding: 8px; width: 15%;\">17 mm<\/td>\n<td style=\"border: 1px solid #cccccc; padding: 8px; width: 15%;\">34 mm<\/td>\n<td style=\"border: 1px solid #cccccc; padding: 8px; width: 20%;\">T 35 10<\/td>\n<\/tr>\n<tr>\n<td style=\"border: 1px solid #cccccc; padding: 8px; width: 10%;\">4<\/td>\n<td style=\"border: 1px solid #cccccc; padding: 8px; width: 15%;\">\u00d840 mm<\/td>\n<td style=\"border: 1px solid #cccccc; padding: 8px; width: 15%;\">M 8<\/td>\n<td style=\"border: 1px solid #cccccc; padding: 8px; width: 15%;\">17 mm<\/td>\n<td style=\"border: 1px solid #cccccc; padding: 8px; width: 15%;\">39 mm<\/td>\n<td style=\"border: 1px solid #cccccc; padding: 8px; width: 20%;\">T 40 8<\/td>\n<\/tr>\n<tr>\n<td style=\"border: 1px solid #cccccc; padding: 8px; width: 10%;\">4<\/td>\n<td style=\"border: 1px solid #cccccc; padding: 8px; width: 15%;\">\u00d840 mm<\/td>\n<td style=\"border: 1px solid #cccccc; padding: 8px; width: 15%;\">M 10<\/td>\n<td style=\"border: 1px solid #cccccc; padding: 8px; width: 15%;\">17 mm<\/td>\n<td style=\"border: 1px solid #cccccc; padding: 8px; width: 15%;\">39 mm<\/td>\n<td style=\"border: 1px solid #cccccc; padding: 8px; width: 20%;\">T 40 10<\/td>\n<\/tr>\n<tr>\n<td style=\"border: 1px solid #cccccc; padding: 8px; width: 10%;\">4<\/td>\n<td style=\"border: 1px solid #cccccc; padding: 8px; width: 15%;\">\u00d840 mm<\/td>\n<td style=\"border: 1px solid #cccccc; padding: 8px; width: 15%;\">M 12<\/td>\n<td style=\"border: 1px solid #cccccc; padding: 8px; width: 15%;\">17 mm<\/td>\n<td style=\"border: 1px solid #cccccc; padding: 8px; width: 15%;\">39 mm<\/td>\n<td style=\"border: 1px solid #cccccc; padding: 8px; width: 20%;\">T 40 12<\/td>\n<\/tr>\n<tr>\n<td style=\"border: 1px solid #cccccc; padding: 8px; width: 10%;\">5<\/td>\n<td style=\"border: 1px solid #cccccc; padding: 8px; width: 15%;\">\u00d846 mm<\/td>\n<td style=\"border: 1px solid #cccccc; padding: 8px; width: 15%;\">M 8<\/td>\n<td style=\"border: 1px solid #cccccc; padding: 8px; width: 15%;\">22 mm<\/td>\n<td style=\"border: 1px solid #cccccc; padding: 8px; width: 15%;\">46 mm<\/td>\n<td style=\"border: 1px solid #cccccc; padding: 8px; width: 20%;\">T 46 8<\/td>\n<\/tr>\n<tr>\n<td style=\"border: 1px solid #cccccc; padding: 8px; width: 10%;\">5<\/td>\n<td style=\"border: 1px solid #cccccc; padding: 8px; width: 15%;\">\u00d846 mm<\/td>\n<td style=\"border: 1px solid #cccccc; padding: 8px; width: 15%;\">M 10<\/td>\n<td style=\"border: 1px solid #cccccc; padding: 8px; width: 15%;\">22 mm<\/td>\n<td style=\"border: 1px solid #cccccc; padding: 8px; width: 15%;\">46 mm<\/td>\n<td style=\"border: 1px solid #cccccc; padding: 8px; width: 20%;\">T 46 10<\/td>\n<\/tr>\n<tr>\n<td style=\"border: 1px solid #cccccc; padding: 8px; width: 10%;\">5<\/td>\n<td style=\"border: 1px solid #cccccc; padding: 8px; width: 15%;\">\u00d846 mm<\/td>\n<td style=\"border: 1px solid #cccccc; padding: 8px; width: 15%;\">M 12<\/td>\n<td style=\"border: 1px solid #cccccc; padding: 8px; width: 15%;\">22 mm<\/td>\n<td style=\"border: 1px solid #cccccc; padding: 8px; width: 15%;\">46 mm<\/td>\n<td style=\"border: 1px solid #cccccc; padding: 8px; width: 20%;\">T 46 12<\/td>\n<\/tr>\n<tr>\n<td style=\"border: 1px solid #cccccc; padding: 8px; width: 10%;\">6<\/td>\n<td style=\"border: 1px solid #cccccc; padding: 8px; width: 15%;\">\u00d870 mm<\/td>\n<td style=\"border: 1px solid #cccccc; padding: 8px; width: 15%;\">M 8<\/td>\n<td style=\"border: 1px solid #cccccc; padding: 8px; width: 15%;\">22 mm<\/td>\n<td style=\"border: 1px solid #cccccc; padding: 8px; width: 15%;\">50 mm<\/td>\n<td style=\"border: 1px solid #cccccc; padding: 8px; width: 20%;\">T 50 8<\/td>\n<\/tr>\n<tr>\n<td style=\"border: 1px solid #cccccc; padding: 8px; width: 10%;\">6<\/td>\n<td style=\"border: 1px solid #cccccc; padding: 8px; width: 15%;\">\u00d870 mm<\/td>\n<td style=\"border: 1px solid #cccccc; padding: 8px; width: 15%;\">M 10<\/td>\n<td style=\"border: 1px solid #cccccc; padding: 8px; width: 15%;\">22 mm<\/td>\n<td style=\"border: 1px solid #cccccc; padding: 8px; width: 15%;\">50 mm<\/td>\n<td style=\"border: 1px solid #cccccc; padding: 8px; width: 20%;\">T 50 10<\/td>\n<\/tr>\n<tr>\n<td style=\"border: 1px solid #cccccc; padding: 8px; width: 10%;\">6<\/td>\n<td style=\"border: 1px solid #cccccc; padding: 8px; width: 15%;\">\u00d870 mm<\/td>\n<td style=\"border: 1px solid #cccccc; padding: 8px; width: 15%;\">M 12<\/td>\n<td style=\"border: 1px solid #cccccc; padding: 8px; width: 15%;\">22 mm<\/td>\n<td style=\"border: 1px solid #cccccc; padding: 8px; width: 15%;\">50 mm<\/td>\n<td style=\"border: 1px solid #cccccc; padding: 8px; width: 20%;\">T 50 12<\/td>\n<\/tr>\n<tr>\n<td style=\"border: 1px solid #cccccc; padding: 8px; width: 10%;\">6<\/td>\n<td style=\"border: 1px solid #cccccc; padding: 8px; width: 15%;\">\u00d870 mm<\/td>\n<td style=\"border: 1px solid #cccccc; padding: 8px; width: 15%;\">M 14<\/td>\n<td style=\"border: 1px solid #cccccc; padding: 8px; width: 15%;\">22 mm<\/td>\n<td style=\"border: 1px solid #cccccc; padding: 8px; width: 15%;\">50 mm<\/td>\n<td style=\"border: 1px solid #cccccc; padding: 8px; width: 20%;\">T 50 14<\/td>\n<\/tr>\n<tr>\n<td style=\"border: 1px solid #cccccc; padding: 8px; width: 10%;\">6<\/td>\n<td style=\"border: 1px solid #cccccc; padding: 8px; width: 15%;\">\u00d870 mm<\/td>\n<td style=\"border: 1px solid #cccccc; padding: 8px; width: 15%;\">M 16<\/td>\n<td style=\"border: 1px solid #cccccc; padding: 8px; width: 15%;\">22 mm<\/td>\n<td style=\"border: 1px solid #cccccc; padding: 8px; width: 15%;\">50 mm<\/td>\n<td style=\"border: 1px solid #cccccc; padding: 8px; width: 20%;\">T 50 16<\/td>\n<\/tr>\n<\/tbody>\n<\/table>\n<hr \/>\n<h3>\ud83d\udccc Teknik Notlar<\/h3>\n<ul>\n<li>Makine ayar mekanizmalar\u0131, pozisyonlama sistemlerinin manivela kollar\u0131nda kullan\u0131l\u0131r.<\/li>\n<li>\u00a0Ergonomik yap\u0131s\u0131 sayesinde, manivela kollar\u0131n\u0131 el ile kavramay\u0131 kolayla\u015ft\u0131r\u0131r .<\/li>\n<li>Tekrarl\u0131 i\u015flemlerde eli yormaz, konforlu bir \u00e7al\u0131\u015fma sa\u011flar.<\/li>\n<li>Bakalit hammaddesi a\u015f\u0131nmaya kar\u015f\u0131 dayan\u0131kl\u0131d\u0131r, uzun s\u00fcreli kullanmaya uygundur.<\/li>\n<\/ul>\n","protected":false},"excerpt":{"rendered":"<p>Bakalit Topuz Somunlu Bakalit ba\u015fl\u0131 topuz, ergonomik kavrama sa\u011flayan formu ve dayan\u0131kl\u0131 bakalit g\u00f6vdesi sayesinde el ile ayar, s\u0131kma ve<\/p>\n","protected":false},"featured_media":49168,"template":"","meta":[],"product_brand":[],"product_cat":[367],"product_tag":[],"class_list":{"0":"post-48883","1":"product","2":"type-product","3":"status-publish","4":"has-post-thumbnail","6":"product_cat-makine-kulplari-ve-volantlar","8":"first","9":"instock","10":"shipping-taxable","11":"product-type-simple"},"_links":{"self":[{"href":"https:\/\/stokcivata.com\/index.php?rest_route=\/wp\/v2\/product\/48883","targetHints":{"allow":["GET"]}}],"collection":[{"href":"https:\/\/stokcivata.com\/index.php?rest_route=\/wp\/v2\/product"}],"about":[{"href":"https:\/\/stokcivata.com\/index.php?rest_route=\/wp\/v2\/types\/product"}],"wp:featuredmedia":[{"embeddable":true,"href":"https:\/\/stokcivata.com\/index.php?rest_route=\/wp\/v2\/media\/49168"}],"wp:attachment":[{"href":"https:\/\/stokcivata.com\/index.php?rest_route=%2Fwp%2Fv2%2Fmedia&parent=48883"}],"wp:term":[{"taxonomy":"product_brand","embeddable":true,"href":"https:\/\/stokcivata.com\/index.php?rest_route=%2Fwp%2Fv2%2Fproduct_brand&post=48883"},{"taxonomy":"product_cat","embeddable":true,"href":"https:\/\/stokcivata.com\/index.php?rest_route=%2Fwp%2Fv2%2Fproduct_cat&post=48883"},{"taxonomy":"product_tag","embeddable":true,"href":"https:\/\/stokcivata.com\/index.php?rest_route=%2Fwp%2Fv2%2Fproduct_tag&post=48883"}],"curies":[{"name":"wp","href":"https:\/\/api.w.org\/{rel}","templated":true}]}}