{"id":48887,"date":"2026-01-20T18:02:54","date_gmt":"2026-01-20T15:02:54","guid":{"rendered":"https:\/\/stokcivata.com\/?post_type=product&#038;p=48887"},"modified":"2026-02-10T14:32:07","modified_gmt":"2026-02-10T11:32:07","slug":"bakalit-armudi-doner-kol","status":"publish","type":"product","link":"https:\/\/stokcivata.com\/?product=bakalit-armudi-doner-kol","title":{"rendered":"Bakalit Armudi D\u00f6ner Kol"},"content":{"rendered":"<hr \/>\n<h3>Bakalit Armudi D\u00f6ner Kol<\/h3>\n<p><strong>Bakalit d\u00f6ner kol<\/strong>, makina volantlar\u0131na tak\u0131larak el ile ayar, konumland\u0131rma ve s\u0131kma i\u015flemlerinin g\u00fcvenli \u015fekilde yap\u0131lmas\u0131n\u0131 sa\u011flayan, \u0131s\u0131ya ve mekanik etkilere dayan\u0131kl\u0131 bakalit malzemeden \u00fcretilmi\u015f kumanda koludur.<\/p>\n<hr \/>\n<h3>\ud83d\udcca \u00d6l\u00e7\u00fc Tablosu<\/h3>\n<p>A\u015fa\u011f\u0131daki tabloda Bakalit Kelebek Ba\u015fl\u0131 C\u0131vata i\u00e7in standart \u00f6l\u00e7\u00fc de\u011ferleri yer almaktad\u0131r. Uygulama alan\u0131na g\u00f6re uygun \u00e7ap ve boy se\u00e7imi yap\u0131lmal\u0131d\u0131r.<\/p>\n<p>&nbsp;<\/p>\n<table style=\"width: 100%; border-collapse: collapse; text-align: center;\">\n<thead>\n<tr>\n<th style=\"border: 1px solid #cccccc; padding: 8px; width: 10%;\">NO<\/th>\n<th style=\"border: 1px solid #cccccc; padding: 8px; width: 15%;\">\u00d8R (mm)<\/th>\n<th style=\"border: 1px solid #cccccc; padding: 8px; width: 15%;\">D (M)<\/th>\n<th style=\"border: 1px solid #cccccc; padding: 8px; width: 15%;\">e (mm)<\/th>\n<th style=\"border: 1px solid #cccccc; padding: 8px; width: 15%;\">H (mm)<\/th>\n<th style=\"border: 1px solid #cccccc; padding: 8px; width: 20%;\">Referans<\/th>\n<\/tr>\n<\/thead>\n<tbody>\n<tr>\n<td style=\"border: 1px solid #cccccc; padding: 8px; width: 10%;\">1<\/td>\n<td style=\"border: 1px solid #cccccc; padding: 8px; width: 15%;\">\u00d817 mm<\/td>\n<td style=\"border: 1px solid #cccccc; padding: 8px; width: 15%;\">M 6<\/td>\n<td style=\"border: 1px solid #cccccc; padding: 8px; width: 15%;\">13 mm<\/td>\n<td style=\"border: 1px solid #cccccc; padding: 8px; width: 15%;\">40 mm<\/td>\n<td style=\"border: 1px solid #cccccc; padding: 8px; width: 20%;\">ADK 1 6<\/td>\n<\/tr>\n<tr>\n<td style=\"border: 1px solid #cccccc; padding: 8px; width: 10%;\">1<\/td>\n<td style=\"border: 1px solid #cccccc; padding: 8px; width: 15%;\">\u00d817 mm<\/td>\n<td style=\"border: 1px solid #cccccc; padding: 8px; width: 15%;\">M 8<\/td>\n<td style=\"border: 1px solid #cccccc; padding: 8px; width: 15%;\">13 mm<\/td>\n<td style=\"border: 1px solid #cccccc; padding: 8px; width: 15%;\">40 mm<\/td>\n<td style=\"border: 1px solid #cccccc; padding: 8px; width: 20%;\">ADK 1 8<\/td>\n<\/tr>\n<tr>\n<td style=\"border: 1px solid #cccccc; padding: 8px; width: 10%;\">2<\/td>\n<td style=\"border: 1px solid #cccccc; padding: 8px; width: 15%;\">\u00d820 mm<\/td>\n<td style=\"border: 1px solid #cccccc; padding: 8px; width: 15%;\">M 6<\/td>\n<td style=\"border: 1px solid #cccccc; padding: 8px; width: 15%;\">13 mm<\/td>\n<td style=\"border: 1px solid #cccccc; padding: 8px; width: 15%;\">50 mm<\/td>\n<td style=\"border: 1px solid #cccccc; padding: 8px; width: 20%;\">ADK 2 6<\/td>\n<\/tr>\n<tr>\n<td style=\"border: 1px solid #cccccc; padding: 8px; width: 10%;\">2<\/td>\n<td style=\"border: 1px solid #cccccc; padding: 8px; width: 15%;\">\u00d820 mm<\/td>\n<td style=\"border: 1px solid #cccccc; padding: 8px; width: 15%;\">M 8<\/td>\n<td style=\"border: 1px solid #cccccc; padding: 8px; width: 15%;\">13 mm<\/td>\n<td style=\"border: 1px solid #cccccc; padding: 8px; width: 15%;\">50 mm<\/td>\n<td style=\"border: 1px solid #cccccc; padding: 8px; width: 20%;\">ADK 2 8<\/td>\n<\/tr>\n<tr>\n<td style=\"border: 1px solid #cccccc; padding: 8px; width: 10%;\">3<\/td>\n<td style=\"border: 1px solid #cccccc; padding: 8px; width: 15%;\">\u00d825 mm<\/td>\n<td style=\"border: 1px solid #cccccc; padding: 8px; width: 15%;\">M 8<\/td>\n<td style=\"border: 1px solid #cccccc; padding: 8px; width: 15%;\">17 mm<\/td>\n<td style=\"border: 1px solid #cccccc; padding: 8px; width: 15%;\">73 mm<\/td>\n<td style=\"border: 1px solid #cccccc; padding: 8px; width: 20%;\">ADK 3 8<\/td>\n<\/tr>\n<tr>\n<td style=\"border: 1px solid #cccccc; padding: 8px; width: 10%;\">3<\/td>\n<td style=\"border: 1px solid #cccccc; padding: 8px; width: 15%;\">\u00d825 mm<\/td>\n<td style=\"border: 1px solid #cccccc; padding: 8px; width: 15%;\">M 10<\/td>\n<td style=\"border: 1px solid #cccccc; padding: 8px; width: 15%;\">17 mm<\/td>\n<td style=\"border: 1px solid #cccccc; padding: 8px; width: 15%;\">73 mm<\/td>\n<td style=\"border: 1px solid #cccccc; padding: 8px; width: 20%;\">ADK 3 10<\/td>\n<\/tr>\n<tr>\n<td style=\"border: 1px solid #cccccc; padding: 8px; width: 10%;\">4<\/td>\n<td style=\"border: 1px solid #cccccc; padding: 8px; width: 15%;\">\u00d827 mm<\/td>\n<td style=\"border: 1px solid #cccccc; padding: 8px; width: 15%;\">M 8<\/td>\n<td style=\"border: 1px solid #cccccc; padding: 8px; width: 15%;\">20 mm<\/td>\n<td style=\"border: 1px solid #cccccc; padding: 8px; width: 15%;\">89 mm<\/td>\n<td style=\"border: 1px solid #cccccc; padding: 8px; width: 20%;\">ADK 4 8<\/td>\n<\/tr>\n<tr>\n<td style=\"border: 1px solid #cccccc; padding: 8px; width: 10%;\">4<\/td>\n<td style=\"border: 1px solid #cccccc; padding: 8px; width: 15%;\">\u00d827 mm<\/td>\n<td style=\"border: 1px solid #cccccc; padding: 8px; width: 15%;\">M 10<\/td>\n<td style=\"border: 1px solid #cccccc; padding: 8px; width: 15%;\">20 mm<\/td>\n<td style=\"border: 1px solid #cccccc; padding: 8px; width: 15%;\">89 mm<\/td>\n<td style=\"border: 1px solid #cccccc; padding: 8px; width: 20%;\">ADK 4 10<\/td>\n<\/tr>\n<tr>\n<td style=\"border: 1px solid #cccccc; padding: 8px; width: 10%;\">4<\/td>\n<td style=\"border: 1px solid #cccccc; padding: 8px; width: 15%;\">\u00d827 mm<\/td>\n<td style=\"border: 1px solid #cccccc; padding: 8px; width: 15%;\">M 12<\/td>\n<td style=\"border: 1px solid #cccccc; padding: 8px; width: 15%;\">20 mm<\/td>\n<td style=\"border: 1px solid #cccccc; padding: 8px; width: 15%;\">89 mm<\/td>\n<td style=\"border: 1px solid #cccccc; padding: 8px; width: 20%;\">ADK 4 12<\/td>\n<\/tr>\n<tr>\n<td style=\"border: 1px solid #cccccc; padding: 8px; width: 10%;\">5<\/td>\n<td style=\"border: 1px solid #cccccc; padding: 8px; width: 15%;\">\u00d831 mm<\/td>\n<td style=\"border: 1px solid #cccccc; padding: 8px; width: 15%;\">M 10<\/td>\n<td style=\"border: 1px solid #cccccc; padding: 8px; width: 15%;\">20 mm<\/td>\n<td style=\"border: 1px solid #cccccc; padding: 8px; width: 15%;\">115 mm<\/td>\n<td style=\"border: 1px solid #cccccc; padding: 8px; width: 20%;\">ADK 5 10<\/td>\n<\/tr>\n<tr>\n<td style=\"border: 1px solid #cccccc; padding: 8px; width: 10%;\">5<\/td>\n<td style=\"border: 1px solid #cccccc; padding: 8px; width: 15%;\">\u00d831 mm<\/td>\n<td style=\"border: 1px solid #cccccc; padding: 8px; width: 15%;\">M 12<\/td>\n<td style=\"border: 1px solid #cccccc; padding: 8px; width: 15%;\">20 mm<\/td>\n<td style=\"border: 1px solid #cccccc; padding: 8px; width: 15%;\">115 mm<\/td>\n<td style=\"border: 1px solid #cccccc; padding: 8px; width: 20%;\">ADK 5 12<\/td>\n<\/tr>\n<\/tbody>\n<\/table>\n<hr \/>\n<h3>\ud83d\udccc Teknik Notlar<\/h3>\n<ul>\n<li>Pratik s\u0131kma\/s\u00f6kme gereken ba\u011flant\u0131larda el ile \u00e7abuk s\u0131kma ve s\u00f6kme yapmay\u0131 sa\u011flar .<\/li>\n<li>Is\u0131ya ve kimyasallara dayan\u0131kl\u0131 bakalit ba\u015fl\u0131\u011f\u0131 sayesinde elektrik, makine ve end\u00fcstriyel uygulamalarda g\u00fcvenli ve pratik kullan\u0131m sunar.<\/li>\n<li>Tekrarl\u0131 s\u00f6kme-takma i\u015flemlerinde y\u00fczey deformasyonu olu\u015fturmaz.<\/li>\n<li>Hassas pozisyonlama gerektiren uygulamalar i\u00e7in uygundur.<\/li>\n<\/ul>\n","protected":false},"excerpt":{"rendered":"<p>Bakalit Armudi D\u00f6ner Kol Bakalit d\u00f6ner kol, makina volantlar\u0131na tak\u0131larak el ile ayar, konumland\u0131rma ve s\u0131kma i\u015flemlerinin g\u00fcvenli \u015fekilde yap\u0131lmas\u0131n\u0131<\/p>\n","protected":false},"featured_media":49220,"template":"","meta":[],"product_brand":[],"product_cat":[367],"product_tag":[],"class_list":{"0":"post-48887","1":"product","2":"type-product","3":"status-publish","4":"has-post-thumbnail","6":"product_cat-makine-kulplari-ve-volantlar","8":"first","9":"instock","10":"shipping-taxable","11":"product-type-simple"},"_links":{"self":[{"href":"https:\/\/stokcivata.com\/index.php?rest_route=\/wp\/v2\/product\/48887","targetHints":{"allow":["GET"]}}],"collection":[{"href":"https:\/\/stokcivata.com\/index.php?rest_route=\/wp\/v2\/product"}],"about":[{"href":"https:\/\/stokcivata.com\/index.php?rest_route=\/wp\/v2\/types\/product"}],"wp:featuredmedia":[{"embeddable":true,"href":"https:\/\/stokcivata.com\/index.php?rest_route=\/wp\/v2\/media\/49220"}],"wp:attachment":[{"href":"https:\/\/stokcivata.com\/index.php?rest_route=%2Fwp%2Fv2%2Fmedia&parent=48887"}],"wp:term":[{"taxonomy":"product_brand","embeddable":true,"href":"https:\/\/stokcivata.com\/index.php?rest_route=%2Fwp%2Fv2%2Fproduct_brand&post=48887"},{"taxonomy":"product_cat","embeddable":true,"href":"https:\/\/stokcivata.com\/index.php?rest_route=%2Fwp%2Fv2%2Fproduct_cat&post=48887"},{"taxonomy":"product_tag","embeddable":true,"href":"https:\/\/stokcivata.com\/index.php?rest_route=%2Fwp%2Fv2%2Fproduct_tag&post=48887"}],"curies":[{"name":"wp","href":"https:\/\/api.w.org\/{rel}","templated":true}]}}