{"id":48892,"date":"2026-01-20T18:03:10","date_gmt":"2026-01-20T15:03:10","guid":{"rendered":"https:\/\/stokcivata.com\/?post_type=product&#038;p=48892"},"modified":"2026-03-09T17:16:40","modified_gmt":"2026-03-09T14:16:40","slug":"plastik-sustali-kollar-burclu-civatali","status":"publish","type":"product","link":"https:\/\/stokcivata.com\/?product=plastik-sustali-kollar-burclu-civatali","title":{"rendered":"Plastik Sustal\u0131 Kollar Bur\u00e7lu &#038; C\u0131vatal\u0131"},"content":{"rendered":"","protected":false},"excerpt":{"rendered":"","protected":false},"featured_media":49282,"template":"","meta":[],"product_brand":[],"product_cat":[367],"product_tag":[],"class_list":{"0":"post-48892","1":"product","2":"type-product","3":"status-publish","4":"has-post-thumbnail","6":"product_cat-makine-kulplari-ve-volantlar","8":"first","9":"instock","10":"shipping-taxable","11":"product-type-simple"},"_links":{"self":[{"href":"https:\/\/stokcivata.com\/index.php?rest_route=\/wp\/v2\/product\/48892","targetHints":{"allow":["GET"]}}],"collection":[{"href":"https:\/\/stokcivata.com\/index.php?rest_route=\/wp\/v2\/product"}],"about":[{"href":"https:\/\/stokcivata.com\/index.php?rest_route=\/wp\/v2\/types\/product"}],"wp:featuredmedia":[{"embeddable":true,"href":"https:\/\/stokcivata.com\/index.php?rest_route=\/wp\/v2\/media\/49282"}],"wp:attachment":[{"href":"https:\/\/stokcivata.com\/index.php?rest_route=%2Fwp%2Fv2%2Fmedia&parent=48892"}],"wp:term":[{"taxonomy":"product_brand","embeddable":true,"href":"https:\/\/stokcivata.com\/index.php?rest_route=%2Fwp%2Fv2%2Fproduct_brand&post=48892"},{"taxonomy":"product_cat","embeddable":true,"href":"https:\/\/stokcivata.com\/index.php?rest_route=%2Fwp%2Fv2%2Fproduct_cat&post=48892"},{"taxonomy":"product_tag","embeddable":true,"href":"https:\/\/stokcivata.com\/index.php?rest_route=%2Fwp%2Fv2%2Fproduct_tag&post=48892"}],"curies":[{"name":"wp","href":"https:\/\/api.w.org\/{rel}","templated":true}]}}