{"id":49164,"date":"2026-01-30T09:09:43","date_gmt":"2026-01-30T06:09:43","guid":{"rendered":"https:\/\/stokcivata.com\/?post_type=product&#038;p=49164"},"modified":"2026-02-04T09:29:22","modified_gmt":"2026-02-04T06:29:22","slug":"bakalit-kelebek-burclu","status":"publish","type":"product","link":"https:\/\/stokcivata.com\/?product=bakalit-kelebek-burclu","title":{"rendered":"Bakalit Kelebek Ba\u015fl\u0131 Somun"},"content":{"rendered":"<hr \/>\n<h3>Bakalit Kelebek Ba\u015fl\u0131 Somun<\/h3>\n<p>Bakalit ba\u015fl\u0131 kelebek somun, el ile kolay s\u0131kma ve s\u00f6kme imk\u00e2n\u0131 sa\u011flayan, ergonomik kanat yap\u0131s\u0131na sahip bir ba\u011flant\u0131 eleman\u0131d\u0131r. Is\u0131ya ve kimyasallara dayan\u0131kl\u0131 bakalit ba\u015fl\u0131\u011f\u0131 sayesinde elektrik, makine ve end\u00fcstriyel uygulamalarda g\u00fcvenli ve pratik kullan\u0131m sunar. Teknik tablodan yapaca\u011f\u0131n\u0131z se\u00e7ime kar\u015f\u0131l\u0131k gelen Referans kodunu \u00fcr\u00fcn se\u00e7eneklerinden bulup sepetinize atabilirsiniz.<\/p>\n<div style=\"text-align: center; margin: 20px 0;\"><img loading=\"lazy\" decoding=\"async\" class=\"aligncenter\" src=\"https:\/\/stokcivata.com\/wp-content\/uploads\/2026\/01\/kelebek-burclu-teknikresim.png\" alt=\"\" width=\"400\" height=\"256\" \/><\/div>\n<hr \/>\n<h3>\ud83d\udcca \u00d6l\u00e7\u00fc Tablosu<\/h3>\n<p>A\u015fa\u011f\u0131daki tabloda Bakalit Kelebek Ba\u015fl\u0131 Somun i\u00e7in standart \u00f6l\u00e7\u00fc de\u011ferleri yer almaktad\u0131r. Uygulama alan\u0131na g\u00f6re uygun \u00e7ap ve boy se\u00e7imi yap\u0131lmal\u0131d\u0131r.<\/p>\n<table style=\"width: 100%; border-collapse: collapse; text-align: center;\">\n<thead>\n<tr>\n<th style=\"border: 1px solid #cccccc; padding: 8px; width: 10%;\">NO<\/th>\n<th style=\"border: 1px solid #cccccc; padding: 8px; width: 15%;\">\u00d8R (mm)<\/th>\n<th style=\"border: 1px solid #cccccc; padding: 8px; width: 15%;\">d (M)<\/th>\n<th style=\"border: 1px solid #cccccc; padding: 8px; width: 15%;\">h (mm)<\/th>\n<th style=\"border: 1px solid #cccccc; padding: 8px; width: 15%;\">H (mm)<\/th>\n<th style=\"border: 1px solid #cccccc; padding: 8px; width: 20%;\">Referans<\/th>\n<\/tr>\n<\/thead>\n<tbody>\n<tr>\n<td style=\"border: 1px solid #cccccc; padding: 8px; width: 10%;\">1<\/td>\n<td style=\"border: 1px solid #cccccc; padding: 8px; width: 15%;\">\u00d830 mm<\/td>\n<td style=\"border: 1px solid #cccccc; padding: 8px; width: 15%;\">M 5<\/td>\n<td style=\"border: 1px solid #cccccc; padding: 8px; width: 15%;\">10 mm<\/td>\n<td style=\"border: 1px solid #cccccc; padding: 8px; width: 15%;\">24 mm<\/td>\n<td style=\"border: 1px solid #cccccc; padding: 8px; width: 20%;\">K1 5 B<\/td>\n<\/tr>\n<tr>\n<td style=\"border: 1px solid #cccccc; padding: 8px; width: 10%;\">1<\/td>\n<td style=\"border: 1px solid #cccccc; padding: 8px; width: 15%;\">\u00d830 mm<\/td>\n<td style=\"border: 1px solid #cccccc; padding: 8px; width: 15%;\">M 6<\/td>\n<td style=\"border: 1px solid #cccccc; padding: 8px; width: 15%;\">12 mm<\/td>\n<td style=\"border: 1px solid #cccccc; padding: 8px; width: 15%;\">24 mm<\/td>\n<td style=\"border: 1px solid #cccccc; padding: 8px; width: 20%;\">K1 6 B<\/td>\n<\/tr>\n<tr>\n<td style=\"border: 1px solid #cccccc; padding: 8px; width: 10%;\">1<\/td>\n<td style=\"border: 1px solid #cccccc; padding: 8px; width: 15%;\">\u00d830 mm<\/td>\n<td style=\"border: 1px solid #cccccc; padding: 8px; width: 15%;\">M 8<\/td>\n<td style=\"border: 1px solid #cccccc; padding: 8px; width: 15%;\">12 mm<\/td>\n<td style=\"border: 1px solid #cccccc; padding: 8px; width: 15%;\">24 mm<\/td>\n<td style=\"border: 1px solid #cccccc; padding: 8px; width: 20%;\">K1 8 B<\/td>\n<\/tr>\n<tr>\n<td style=\"border: 1px solid #cccccc; padding: 8px; width: 10%;\">2<\/td>\n<td style=\"border: 1px solid #cccccc; padding: 8px; width: 15%;\">\u00d840 mm<\/td>\n<td style=\"border: 1px solid #cccccc; padding: 8px; width: 15%;\">M 6<\/td>\n<td style=\"border: 1px solid #cccccc; padding: 8px; width: 15%;\">17 mm<\/td>\n<td style=\"border: 1px solid #cccccc; padding: 8px; width: 15%;\">30 mm<\/td>\n<td style=\"border: 1px solid #cccccc; padding: 8px; width: 20%;\">K2 6<\/td>\n<\/tr>\n<tr>\n<td style=\"border: 1px solid #cccccc; padding: 8px; width: 10%;\">2<\/td>\n<td style=\"border: 1px solid #cccccc; padding: 8px; width: 15%;\">\u00d840 mm<\/td>\n<td style=\"border: 1px solid #cccccc; padding: 8px; width: 15%;\">M 8<\/td>\n<td style=\"border: 1px solid #cccccc; padding: 8px; width: 15%;\">17 mm<\/td>\n<td style=\"border: 1px solid #cccccc; padding: 8px; width: 15%;\">30 mm<\/td>\n<td style=\"border: 1px solid #cccccc; padding: 8px; width: 20%;\">K2 8<\/td>\n<\/tr>\n<tr>\n<td style=\"border: 1px solid #cccccc; padding: 8px; width: 10%;\">2<\/td>\n<td style=\"border: 1px solid #cccccc; padding: 8px; width: 15%;\">\u00d840 mm<\/td>\n<td style=\"border: 1px solid #cccccc; padding: 8px; width: 15%;\">M 10<\/td>\n<td style=\"border: 1px solid #cccccc; padding: 8px; width: 15%;\">17 mm<\/td>\n<td style=\"border: 1px solid #cccccc; padding: 8px; width: 15%;\">30 mm<\/td>\n<td style=\"border: 1px solid #cccccc; padding: 8px; width: 20%;\">K2 10<\/td>\n<\/tr>\n<tr>\n<td style=\"border: 1px solid #cccccc; padding: 8px; width: 10%;\">3<\/td>\n<td style=\"border: 1px solid #cccccc; padding: 8px; width: 15%;\">\u00d850 mm<\/td>\n<td style=\"border: 1px solid #cccccc; padding: 8px; width: 15%;\">M 6<\/td>\n<td style=\"border: 1px solid #cccccc; padding: 8px; width: 15%;\">17 mm<\/td>\n<td style=\"border: 1px solid #cccccc; padding: 8px; width: 15%;\">32 mm<\/td>\n<td style=\"border: 1px solid #cccccc; padding: 8px; width: 20%;\">K3 6 B<\/td>\n<\/tr>\n<tr>\n<td style=\"border: 1px solid #cccccc; padding: 8px; width: 10%;\">3<\/td>\n<td style=\"border: 1px solid #cccccc; padding: 8px; width: 15%;\">\u00d850 mm<\/td>\n<td style=\"border: 1px solid #cccccc; padding: 8px; width: 15%;\">M 8<\/td>\n<td style=\"border: 1px solid #cccccc; padding: 8px; width: 15%;\">17 mm<\/td>\n<td style=\"border: 1px solid #cccccc; padding: 8px; width: 15%;\">32 mm<\/td>\n<td style=\"border: 1px solid #cccccc; padding: 8px; width: 20%;\">K3 8 B<\/td>\n<\/tr>\n<tr>\n<td style=\"border: 1px solid #cccccc; padding: 8px; width: 10%;\">3<\/td>\n<td style=\"border: 1px solid #cccccc; padding: 8px; width: 15%;\">\u00d850 mm<\/td>\n<td style=\"border: 1px solid #cccccc; padding: 8px; width: 15%;\">M 10<\/td>\n<td style=\"border: 1px solid #cccccc; padding: 8px; width: 15%;\">17 mm<\/td>\n<td style=\"border: 1px solid #cccccc; padding: 8px; width: 15%;\">32 mm<\/td>\n<td style=\"border: 1px solid #cccccc; padding: 8px; width: 20%;\">K3 10 B<\/td>\n<\/tr>\n<tr>\n<td style=\"border: 1px solid #cccccc; padding: 8px; width: 10%;\">3<\/td>\n<td style=\"border: 1px solid #cccccc; padding: 8px; width: 15%;\">\u00d850 mm<\/td>\n<td style=\"border: 1px solid #cccccc; padding: 8px; width: 15%;\">M 12<\/td>\n<td style=\"border: 1px solid #cccccc; padding: 8px; width: 15%;\">17 mm<\/td>\n<td style=\"border: 1px solid #cccccc; padding: 8px; width: 15%;\">32 mm<\/td>\n<td style=\"border: 1px solid #cccccc; padding: 8px; width: 20%;\">K3 12 B<\/td>\n<\/tr>\n<tr>\n<td style=\"border: 1px solid #cccccc; padding: 8px; width: 10%;\">4<\/td>\n<td style=\"border: 1px solid #cccccc; padding: 8px; width: 15%;\">\u00d860 mm<\/td>\n<td style=\"border: 1px solid #cccccc; padding: 8px; width: 15%;\">M 8<\/td>\n<td style=\"border: 1px solid #cccccc; padding: 8px; width: 15%;\">17 mm<\/td>\n<td style=\"border: 1px solid #cccccc; padding: 8px; width: 15%;\">36 mm<\/td>\n<td style=\"border: 1px solid #cccccc; padding: 8px; width: 20%;\">K4 8 B<\/td>\n<\/tr>\n<tr>\n<td style=\"border: 1px solid #cccccc; padding: 8px; width: 10%;\">4<\/td>\n<td style=\"border: 1px solid #cccccc; padding: 8px; width: 15%;\">\u00d860 mm<\/td>\n<td style=\"border: 1px solid #cccccc; padding: 8px; width: 15%;\">M 10<\/td>\n<td style=\"border: 1px solid #cccccc; padding: 8px; width: 15%;\">17 mm<\/td>\n<td style=\"border: 1px solid #cccccc; padding: 8px; width: 15%;\">36 mm<\/td>\n<td style=\"border: 1px solid #cccccc; padding: 8px; width: 20%;\">K4 10 B<\/td>\n<\/tr>\n<tr>\n<td style=\"border: 1px solid #cccccc; padding: 8px; width: 10%;\">4<\/td>\n<td style=\"border: 1px solid #cccccc; padding: 8px; width: 15%;\">\u00d860 mm<\/td>\n<td style=\"border: 1px solid #cccccc; padding: 8px; width: 15%;\">M 12<\/td>\n<td style=\"border: 1px solid #cccccc; padding: 8px; width: 15%;\">17 mm<\/td>\n<td style=\"border: 1px solid #cccccc; padding: 8px; width: 15%;\">36 mm<\/td>\n<td style=\"border: 1px solid #cccccc; padding: 8px; width: 20%;\">K4 12 B<\/td>\n<\/tr>\n<tr>\n<td style=\"border: 1px solid #cccccc; padding: 8px; width: 10%;\">5<\/td>\n<td style=\"border: 1px solid #cccccc; padding: 8px; width: 15%;\">\u00d870 mm<\/td>\n<td style=\"border: 1px solid #cccccc; padding: 8px; width: 15%;\">M 10<\/td>\n<td style=\"border: 1px solid #cccccc; padding: 8px; width: 15%;\">22 mm<\/td>\n<td style=\"border: 1px solid #cccccc; padding: 8px; width: 15%;\">44 mm<\/td>\n<td style=\"border: 1px solid #cccccc; padding: 8px; width: 20%;\">K5 10 B<\/td>\n<\/tr>\n<tr>\n<td style=\"border: 1px solid #cccccc; padding: 8px; width: 10%;\">5<\/td>\n<td style=\"border: 1px solid #cccccc; padding: 8px; width: 15%;\">\u00d870 mm<\/td>\n<td style=\"border: 1px solid #cccccc; padding: 8px; width: 15%;\">M 12<\/td>\n<td style=\"border: 1px solid #cccccc; padding: 8px; width: 15%;\">22 mm<\/td>\n<td style=\"border: 1px solid #cccccc; padding: 8px; width: 15%;\">44 mm<\/td>\n<td style=\"border: 1px solid #cccccc; padding: 8px; width: 20%;\">K5 12 B<\/td>\n<\/tr>\n<tr>\n<td style=\"border: 1px solid #cccccc; padding: 8px; width: 10%;\">5<\/td>\n<td style=\"border: 1px solid #cccccc; padding: 8px; width: 15%;\">\u00d870 mm<\/td>\n<td style=\"border: 1px solid #cccccc; padding: 8px; width: 15%;\">M 14<\/td>\n<td style=\"border: 1px solid #cccccc; padding: 8px; width: 15%;\">22 mm<\/td>\n<td style=\"border: 1px solid #cccccc; padding: 8px; width: 15%;\">44 mm<\/td>\n<td style=\"border: 1px solid #cccccc; padding: 8px; width: 20%;\">K5 14 B<\/td>\n<\/tr>\n<tr>\n<td style=\"border: 1px solid #cccccc; padding: 8px; width: 10%;\">5<\/td>\n<td style=\"border: 1px solid #cccccc; padding: 8px; width: 15%;\">\u00d870 mm<\/td>\n<td style=\"border: 1px solid #cccccc; padding: 8px; width: 15%;\">M 16<\/td>\n<td style=\"border: 1px solid #cccccc; padding: 8px; width: 15%;\">22 mm<\/td>\n<td style=\"border: 1px solid #cccccc; padding: 8px; width: 15%;\">44 mm<\/td>\n<td style=\"border: 1px solid #cccccc; padding: 8px; width: 20%;\">K5 16 B<\/td>\n<\/tr>\n<\/tbody>\n<\/table>\n<hr \/>\n<h3>\ud83d\udccc Teknik Notlar<\/h3>\n<ul>\n<li>Pratik s\u0131kma\/s\u00f6kme gereken ba\u011flant\u0131larda el ile \u00e7abuk s\u0131kma ve s\u00f6kme yapmay\u0131 sa\u011flar .<\/li>\n<li>Is\u0131ya ve kimyasallara dayan\u0131kl\u0131 bakalit ba\u015fl\u0131\u011f\u0131 sayesinde elektrik, makine ve end\u00fcstriyel uygulamalarda g\u00fcvenli ve pratik kullan\u0131m sunar.<\/li>\n<li>Tekrarl\u0131 s\u00f6kme-takma i\u015flemlerinde y\u00fczey deformasyonu olu\u015fturmaz.<\/li>\n<li>Hassas pozisyonlama gerektiren uygulamalar i\u00e7in uygundur.<\/li>\n<\/ul>\n","protected":false},"excerpt":{"rendered":"<p>Bakalit ba\u015fl\u0131 kelebek somun, el ile kolay s\u0131kma ve s\u00f6kme imk\u00e2n\u0131 sa\u011flayan, ergonomik kanat yap\u0131s\u0131na sahip bir ba\u011flant\u0131 eleman\u0131d\u0131r. Is\u0131ya ve kimyasallara dayan\u0131kl\u0131 bakalit ba\u015fl\u0131\u011f\u0131 sayesinde elektrik, makine ve end\u00fcstriyel uygulamalarda g\u00fcvenli ve pratik kullan\u0131m sunar.<\/p>\n","protected":false},"featured_media":49167,"template":"","meta":[],"product_brand":[],"product_cat":[367],"product_tag":[],"class_list":{"0":"post-49164","1":"product","2":"type-product","3":"status-publish","4":"has-post-thumbnail","6":"product_cat-makine-kulplari-ve-volantlar","8":"first","9":"instock","10":"shipping-taxable","11":"product-type-simple"},"_links":{"self":[{"href":"https:\/\/stokcivata.com\/index.php?rest_route=\/wp\/v2\/product\/49164","targetHints":{"allow":["GET"]}}],"collection":[{"href":"https:\/\/stokcivata.com\/index.php?rest_route=\/wp\/v2\/product"}],"about":[{"href":"https:\/\/stokcivata.com\/index.php?rest_route=\/wp\/v2\/types\/product"}],"wp:featuredmedia":[{"embeddable":true,"href":"https:\/\/stokcivata.com\/index.php?rest_route=\/wp\/v2\/media\/49167"}],"wp:attachment":[{"href":"https:\/\/stokcivata.com\/index.php?rest_route=%2Fwp%2Fv2%2Fmedia&parent=49164"}],"wp:term":[{"taxonomy":"product_brand","embeddable":true,"href":"https:\/\/stokcivata.com\/index.php?rest_route=%2Fwp%2Fv2%2Fproduct_brand&post=49164"},{"taxonomy":"product_cat","embeddable":true,"href":"https:\/\/stokcivata.com\/index.php?rest_route=%2Fwp%2Fv2%2Fproduct_cat&post=49164"},{"taxonomy":"product_tag","embeddable":true,"href":"https:\/\/stokcivata.com\/index.php?rest_route=%2Fwp%2Fv2%2Fproduct_tag&post=49164"}],"curies":[{"name":"wp","href":"https:\/\/api.w.org\/{rel}","templated":true}]}}