{"id":49212,"date":"2026-02-09T16:43:05","date_gmt":"2026-02-09T13:43:05","guid":{"rendered":"https:\/\/stokcivata.com\/?post_type=product&#038;p=49212"},"modified":"2026-02-09T17:22:32","modified_gmt":"2026-02-09T14:22:32","slug":"bakalit-topuz-armudi-civatali","status":"publish","type":"product","link":"https:\/\/stokcivata.com\/?product=bakalit-topuz-armudi-civatali","title":{"rendered":"Bakalit Topuz Armudi C\u0131vatal\u0131"},"content":{"rendered":"<hr \/>\n<h3>Bakalit Topuz Armudi C\u0131vatal\u0131<\/h3>\n<p>Bakalit ba\u015fl\u0131 topuzlar, ergonomik kavrama sa\u011flayan formu ve dayan\u0131kl\u0131 bakalit g\u00f6vdesi sayesinde el ile ayar, s\u0131kma ve sabitleme i\u015flemlerinde pratik kullan\u0131m sunan end\u00fcstriyel bir kontrol eleman\u0131d\u0131r. Is\u0131ya, darbelere ve kimyasallara kar\u015f\u0131 diren\u00e7li yap\u0131s\u0131yla uzun \u00f6m\u00fcrl\u00fcd\u00fcr. Teknik tablodan yapaca\u011f\u0131n\u0131z se\u00e7ime kar\u015f\u0131l\u0131k gelen Referans kodunu \u00fcr\u00fcn se\u00e7eneklerinden bulup sepetinize atabilirsiniz.<\/p>\n<div style=\"text-align: center; margin: 20px 0;\"><img decoding=\"async\" class=\"aligncenter\" src=\"https:\/\/stokcivata.com\/wp-content\/uploads\/2026\/02\/stkc_armudicivatali_teknikresim.png\" \/><\/div>\n<hr \/>\n<h3>\ud83d\udcca \u00d6l\u00e7\u00fc Tablosu<\/h3>\n<p>A\u015fa\u011f\u0131daki tabloda Bakalit Topuz Armudi Somunlu i\u00e7in standart \u00f6l\u00e7\u00fc de\u011ferleri yer almaktad\u0131r. Uygulama alan\u0131na g\u00f6re uygun \u00e7ap ve boy se\u00e7imi yap\u0131lmal\u0131d\u0131r.<\/p>\n<p>&nbsp;<\/p>\n<p>&nbsp;<\/p>\n<table style=\"width: 100%; border-collapse: collapse; text-align: center;\">\n<thead>\n<tr>\n<th style=\"border: 1px solid #cccccc; padding: 8px; width: 10%;\">NO<\/th>\n<th style=\"border: 1px solid #cccccc; padding: 8px; width: 15%;\">\u00d8R (mm)<\/th>\n<th style=\"border: 1px solid #cccccc; padding: 8px; width: 15%;\">D (M)<\/th>\n<th style=\"border: 1px solid #cccccc; padding: 8px; width: 15%;\">e (mm)<\/th>\n<th style=\"border: 1px solid #cccccc; padding: 8px; width: 15%;\">H (mm)<\/th>\n<th style=\"border: 1px solid #cccccc; padding: 8px; width: 20%;\">Referans<\/th>\n<\/tr>\n<\/thead>\n<tbody>\n<tr>\n<td style=\"border: 1px solid #cccccc; padding: 8px; width: 10%;\">1<\/td>\n<td style=\"border: 1px solid #cccccc; padding: 8px; width: 15%;\">\u00d817 mm<\/td>\n<td style=\"border: 1px solid #cccccc; padding: 8px; width: 15%;\">M 6<\/td>\n<td style=\"border: 1px solid #cccccc; padding: 8px; width: 15%;\">15 mm<\/td>\n<td style=\"border: 1px solid #cccccc; padding: 8px; width: 15%;\">40 mm<\/td>\n<td style=\"border: 1px solid #cccccc; padding: 8px; width: 20%;\">AD 1 615C<\/td>\n<\/tr>\n<tr>\n<td style=\"border: 1px solid #cccccc; padding: 8px; width: 10%;\">1<\/td>\n<td style=\"border: 1px solid #cccccc; padding: 8px; width: 15%;\">\u00d817 mm<\/td>\n<td style=\"border: 1px solid #cccccc; padding: 8px; width: 15%;\">M 8<\/td>\n<td style=\"border: 1px solid #cccccc; padding: 8px; width: 15%;\">15 mm<\/td>\n<td style=\"border: 1px solid #cccccc; padding: 8px; width: 15%;\">40 mm<\/td>\n<td style=\"border: 1px solid #cccccc; padding: 8px; width: 20%;\">AD 1 815C<\/td>\n<\/tr>\n<tr>\n<td style=\"border: 1px solid #cccccc; padding: 8px; width: 10%;\">2<\/td>\n<td style=\"border: 1px solid #cccccc; padding: 8px; width: 15%;\">\u00d820 mm<\/td>\n<td style=\"border: 1px solid #cccccc; padding: 8px; width: 15%;\">M 6<\/td>\n<td style=\"border: 1px solid #cccccc; padding: 8px; width: 15%;\">20 mm<\/td>\n<td style=\"border: 1px solid #cccccc; padding: 8px; width: 15%;\">50 mm<\/td>\n<td style=\"border: 1px solid #cccccc; padding: 8px; width: 20%;\">AD 2 620C<\/td>\n<\/tr>\n<tr>\n<td style=\"border: 1px solid #cccccc; padding: 8px; width: 10%;\">2<\/td>\n<td style=\"border: 1px solid #cccccc; padding: 8px; width: 15%;\">\u00d820 mm<\/td>\n<td style=\"border: 1px solid #cccccc; padding: 8px; width: 15%;\">M 8<\/td>\n<td style=\"border: 1px solid #cccccc; padding: 8px; width: 15%;\">20 mm<\/td>\n<td style=\"border: 1px solid #cccccc; padding: 8px; width: 15%;\">50 mm<\/td>\n<td style=\"border: 1px solid #cccccc; padding: 8px; width: 20%;\">AD 2 820C<\/td>\n<\/tr>\n<tr>\n<td style=\"border: 1px solid #cccccc; padding: 8px; width: 10%;\">3<\/td>\n<td style=\"border: 1px solid #cccccc; padding: 8px; width: 15%;\">\u00d825 mm<\/td>\n<td style=\"border: 1px solid #cccccc; padding: 8px; width: 15%;\">M 6<\/td>\n<td style=\"border: 1px solid #cccccc; padding: 8px; width: 15%;\">20 mm<\/td>\n<td style=\"border: 1px solid #cccccc; padding: 8px; width: 15%;\">73 mm<\/td>\n<td style=\"border: 1px solid #cccccc; padding: 8px; width: 20%;\">AD 3 620C<\/td>\n<\/tr>\n<tr>\n<td style=\"border: 1px solid #cccccc; padding: 8px; width: 10%;\">3<\/td>\n<td style=\"border: 1px solid #cccccc; padding: 8px; width: 15%;\">\u00d825 mm<\/td>\n<td style=\"border: 1px solid #cccccc; padding: 8px; width: 15%;\">M 8<\/td>\n<td style=\"border: 1px solid #cccccc; padding: 8px; width: 15%;\">20 mm<\/td>\n<td style=\"border: 1px solid #cccccc; padding: 8px; width: 15%;\">73 mm<\/td>\n<td style=\"border: 1px solid #cccccc; padding: 8px; width: 20%;\">AD 3 820C<\/td>\n<\/tr>\n<tr>\n<td style=\"border: 1px solid #cccccc; padding: 8px; width: 10%;\">3<\/td>\n<td style=\"border: 1px solid #cccccc; padding: 8px; width: 15%;\">\u00d825 mm<\/td>\n<td style=\"border: 1px solid #cccccc; padding: 8px; width: 15%;\">M 10<\/td>\n<td style=\"border: 1px solid #cccccc; padding: 8px; width: 15%;\">20 mm<\/td>\n<td style=\"border: 1px solid #cccccc; padding: 8px; width: 15%;\">73 mm<\/td>\n<td style=\"border: 1px solid #cccccc; padding: 8px; width: 20%;\">AD 3 1020C<\/td>\n<\/tr>\n<tr>\n<td style=\"border: 1px solid #cccccc; padding: 8px; width: 10%;\">4<\/td>\n<td style=\"border: 1px solid #cccccc; padding: 8px; width: 15%;\">\u00d827 mm<\/td>\n<td style=\"border: 1px solid #cccccc; padding: 8px; width: 15%;\">M 8<\/td>\n<td style=\"border: 1px solid #cccccc; padding: 8px; width: 15%;\">25 mm<\/td>\n<td style=\"border: 1px solid #cccccc; padding: 8px; width: 15%;\">89 mm<\/td>\n<td style=\"border: 1px solid #cccccc; padding: 8px; width: 20%;\">AD 4 825C<\/td>\n<\/tr>\n<tr>\n<td style=\"border: 1px solid #cccccc; padding: 8px; width: 10%;\">4<\/td>\n<td style=\"border: 1px solid #cccccc; padding: 8px; width: 15%;\">\u00d827 mm<\/td>\n<td style=\"border: 1px solid #cccccc; padding: 8px; width: 15%;\">M 10<\/td>\n<td style=\"border: 1px solid #cccccc; padding: 8px; width: 15%;\">25 mm<\/td>\n<td style=\"border: 1px solid #cccccc; padding: 8px; width: 15%;\">89 mm<\/td>\n<td style=\"border: 1px solid #cccccc; padding: 8px; width: 20%;\">AD 4 1025C<\/td>\n<\/tr>\n<tr>\n<td style=\"border: 1px solid #cccccc; padding: 8px; width: 10%;\">4<\/td>\n<td style=\"border: 1px solid #cccccc; padding: 8px; width: 15%;\">\u00d827 mm<\/td>\n<td style=\"border: 1px solid #cccccc; padding: 8px; width: 15%;\">M 12<\/td>\n<td style=\"border: 1px solid #cccccc; padding: 8px; width: 15%;\">25 mm<\/td>\n<td style=\"border: 1px solid #cccccc; padding: 8px; width: 15%;\">89 mm<\/td>\n<td style=\"border: 1px solid #cccccc; padding: 8px; width: 20%;\">AD 4 1225C<\/td>\n<\/tr>\n<tr>\n<td style=\"border: 1px solid #cccccc; padding: 8px; width: 10%;\">5<\/td>\n<td style=\"border: 1px solid #cccccc; padding: 8px; width: 15%;\">\u00d831 mm<\/td>\n<td style=\"border: 1px solid #cccccc; padding: 8px; width: 15%;\">M 8<\/td>\n<td style=\"border: 1px solid #cccccc; padding: 8px; width: 15%;\">25 mm<\/td>\n<td style=\"border: 1px solid #cccccc; padding: 8px; width: 15%;\">115 mm<\/td>\n<td style=\"border: 1px solid #cccccc; padding: 8px; width: 20%;\">AD 5 825C<\/td>\n<\/tr>\n<tr>\n<td style=\"border: 1px solid #cccccc; padding: 8px; width: 10%;\">5<\/td>\n<td style=\"border: 1px solid #cccccc; padding: 8px; width: 15%;\">\u00d831 mm<\/td>\n<td style=\"border: 1px solid #cccccc; padding: 8px; width: 15%;\">M 10<\/td>\n<td style=\"border: 1px solid #cccccc; padding: 8px; width: 15%;\">25 mm<\/td>\n<td style=\"border: 1px solid #cccccc; padding: 8px; width: 15%;\">115 mm<\/td>\n<td style=\"border: 1px solid #cccccc; padding: 8px; width: 20%;\">AD 5 1025C<\/td>\n<\/tr>\n<tr>\n<td style=\"border: 1px solid #cccccc; padding: 8px; width: 10%;\">5<\/td>\n<td style=\"border: 1px solid #cccccc; padding: 8px; width: 15%;\">\u00d831 mm<\/td>\n<td style=\"border: 1px solid #cccccc; padding: 8px; width: 15%;\">M 12<\/td>\n<td style=\"border: 1px solid #cccccc; padding: 8px; width: 15%;\">25 mm<\/td>\n<td style=\"border: 1px solid #cccccc; padding: 8px; width: 15%;\">115 mm<\/td>\n<td style=\"border: 1px solid #cccccc; padding: 8px; width: 20%;\">AD 5 1225C<\/td>\n<\/tr>\n<\/tbody>\n<\/table>\n<hr \/>\n<h3>\ud83d\udccc Teknik Notlar<\/h3>\n<ul>\n<li>Makine ayar mekanizmalar\u0131, pozisyonlama sistemlerinin manivela kollar\u0131nda kullan\u0131l\u0131r.<\/li>\n<li>\u00a0Ergonomik yap\u0131s\u0131 sayesinde, manivela kollar\u0131n\u0131 el ile kavramay\u0131 kolayla\u015ft\u0131r\u0131r .<\/li>\n<li>Tekrarl\u0131 i\u015flemlerde eli yormaz, konforlu bir \u00e7al\u0131\u015fma sa\u011flar.<\/li>\n<li>Bakalit hammaddesi a\u015f\u0131nmaya kar\u015f\u0131 dayan\u0131kl\u0131d\u0131r, uzun s\u00fcreli kullanmaya uygundur.<\/li>\n<\/ul>\n","protected":false},"excerpt":{"rendered":"<div class=\"sc-notice\"><strong>Bu \u00fcr\u00fcn stoklu veya k\u0131sa terminli olarak temin edilmektedir.<\/strong><br \/>\nG\u00fcncel fiyat ve sipari\u015f i\u00e7in <strong>telefon<\/strong> veya <strong>WhatsApp<\/strong> \u00fczerinden h\u0131zl\u0131ca teklif alabilirsiniz.<\/p>\n<p><strong>\u00dcr\u00fcn se\u00e7imi i\u00e7in:<\/strong><br \/>\nA\u015fa\u011f\u0131da yer alan <strong>teknik resim, \u00f6l\u00e7\u00fc tablosu ve referans numaralar\u0131<\/strong> \u00fczerinden ihtiyac\u0131n\u0131za uygun \u00fcr\u00fcn\u00fc belirleyebilirsiniz.<\/p>\n<div style=\"margin-top: 10px;\"><a style=\"display: inline-block; padding: 10px 14px; border-radius: 10px; text-decoration: none; font-weight: 600;\" href=\"https:\/\/wa.me\/905548829384\" target=\"_blank\" rel=\"noopener\"><br \/>\nWhatsApp\u2019tan Teklif Al<br \/>\n<\/a><\/div>\n<\/div>\n","protected":false},"featured_media":49214,"template":"","meta":[],"product_brand":[],"product_cat":[367],"product_tag":[],"class_list":{"0":"post-49212","1":"product","2":"type-product","3":"status-publish","4":"has-post-thumbnail","6":"product_cat-makine-kulplari-ve-volantlar","8":"first","9":"instock","10":"shipping-taxable","11":"product-type-simple"},"_links":{"self":[{"href":"https:\/\/stokcivata.com\/index.php?rest_route=\/wp\/v2\/product\/49212","targetHints":{"allow":["GET"]}}],"collection":[{"href":"https:\/\/stokcivata.com\/index.php?rest_route=\/wp\/v2\/product"}],"about":[{"href":"https:\/\/stokcivata.com\/index.php?rest_route=\/wp\/v2\/types\/product"}],"wp:featuredmedia":[{"embeddable":true,"href":"https:\/\/stokcivata.com\/index.php?rest_route=\/wp\/v2\/media\/49214"}],"wp:attachment":[{"href":"https:\/\/stokcivata.com\/index.php?rest_route=%2Fwp%2Fv2%2Fmedia&parent=49212"}],"wp:term":[{"taxonomy":"product_brand","embeddable":true,"href":"https:\/\/stokcivata.com\/index.php?rest_route=%2Fwp%2Fv2%2Fproduct_brand&post=49212"},{"taxonomy":"product_cat","embeddable":true,"href":"https:\/\/stokcivata.com\/index.php?rest_route=%2Fwp%2Fv2%2Fproduct_cat&post=49212"},{"taxonomy":"product_tag","embeddable":true,"href":"https:\/\/stokcivata.com\/index.php?rest_route=%2Fwp%2Fv2%2Fproduct_tag&post=49212"}],"curies":[{"name":"wp","href":"https:\/\/api.w.org\/{rel}","templated":true}]}}