{"id":6069,"date":"2025-08-22T10:23:17","date_gmt":"2025-08-22T07:23:17","guid":{"rendered":"https:\/\/stokcivata.com\/?post_type=product&#038;p=6069"},"modified":"2026-04-18T15:48:11","modified_gmt":"2026-04-18T12:48:11","slug":"din-1587-kapali-somun","status":"publish","type":"product","link":"https:\/\/stokcivata.com\/?product=din-1587-kapali-somun","title":{"rendered":"DIN 1587 Kapal\u0131 Somun"},"content":{"rendered":"<p><strong>DIN 1587 Kapal\u0131 Somun<\/strong>, somun \u00fcst\u00fc kapal\u0131 \u015fekilde tasarlanm\u0131\u015f, hem fonksiyonel hem de estetik ama\u00e7l\u0131 kullan\u0131lan bir ba\u011flant\u0131 eleman\u0131d\u0131r. \u201cK\u00f6r somun\u201d olarak da bilinir. A\u00e7\u0131k vida u\u00e7lar\u0131n\u0131 gizleyerek keskin kenarlar\u0131 ortadan kald\u0131r\u0131r; b\u00f6ylece hem g\u00fcvenlik sa\u011flar hem de daha d\u00fczenli bir g\u00f6r\u00fcn\u00fcm elde edilir.<\/p>\n<p><strong>Ba\u015fl\u0131ca Kullan\u0131m Alanlar\u0131:<\/strong><\/p>\n<ul>\n<li>Mobilya ve mimari uygulamalar<\/li>\n<li>Otomotiv dekoratif ba\u011flant\u0131lar<\/li>\n<li>Koruyucu kapatma gereken montajlar<\/li>\n<\/ul>\n<p><strong>Teknik \u00d6zellikler:<\/strong><\/p>\n<table>\n<thead>\n<tr>\n<th>Boyut<\/th>\n<th>Ba\u015f Tipi<\/th>\n<th>Malzeme<\/th>\n<th>Kaplama<\/th>\n<th>Standart<\/th>\n<\/tr>\n<\/thead>\n<tbody>\n<tr>\n<td>M4 \u2013 M20<\/td>\n<td>Yar\u0131m k\u00fcre formda kapal\u0131<\/td>\n<td>\u00c7elik \/ Pirin\u00e7 \/ Paslanmaz\/<\/td>\n<td>\u00c7inko \/ Krom \/ Parlak<\/td>\n<td>DIN 1587<\/td>\n<\/tr>\n<\/tbody>\n<\/table>\n","protected":false},"excerpt":{"rendered":"<p>DIN 1587 Kapal\u0131 Somun, somun \u00fcst\u00fc kapal\u0131 \u015fekilde tasarlanm\u0131\u015f, hem fonksiyonel hem de estetik ama\u00e7l\u0131 kullan\u0131lan bir ba\u011flant\u0131 eleman\u0131d\u0131r. \u201cK\u00f6r<\/p>\n","protected":false},"featured_media":42443,"template":"","meta":[],"product_brand":[],"product_cat":[1096],"product_tag":[],"class_list":{"0":"post-6069","1":"product","2":"type-product","3":"status-publish","4":"has-post-thumbnail","6":"product_cat-kapali-somunlar","7":"pa_kalite-cl-6","8":"pa_kaplama-beyaz","10":"first","11":"instock","12":"shipping-taxable","13":"purchasable","14":"product-type-variable"},"_links":{"self":[{"href":"https:\/\/stokcivata.com\/index.php?rest_route=\/wp\/v2\/product\/6069","targetHints":{"allow":["GET"]}}],"collection":[{"href":"https:\/\/stokcivata.com\/index.php?rest_route=\/wp\/v2\/product"}],"about":[{"href":"https:\/\/stokcivata.com\/index.php?rest_route=\/wp\/v2\/types\/product"}],"wp:featuredmedia":[{"embeddable":true,"href":"https:\/\/stokcivata.com\/index.php?rest_route=\/wp\/v2\/media\/42443"}],"wp:attachment":[{"href":"https:\/\/stokcivata.com\/index.php?rest_route=%2Fwp%2Fv2%2Fmedia&parent=6069"}],"wp:term":[{"taxonomy":"product_brand","embeddable":true,"href":"https:\/\/stokcivata.com\/index.php?rest_route=%2Fwp%2Fv2%2Fproduct_brand&post=6069"},{"taxonomy":"product_cat","embeddable":true,"href":"https:\/\/stokcivata.com\/index.php?rest_route=%2Fwp%2Fv2%2Fproduct_cat&post=6069"},{"taxonomy":"product_tag","embeddable":true,"href":"https:\/\/stokcivata.com\/index.php?rest_route=%2Fwp%2Fv2%2Fproduct_tag&post=6069"}],"curies":[{"name":"wp","href":"https:\/\/api.w.org\/{rel}","templated":true}]}}