{"id":6071,"date":"2025-08-22T10:23:44","date_gmt":"2025-08-22T07:23:44","guid":{"rendered":"https:\/\/stokcivata.com\/?post_type=product&#038;p=6071"},"modified":"2026-04-18T15:48:32","modified_gmt":"2026-04-18T12:48:32","slug":"din-980v-kilitli-somun","status":"publish","type":"product","link":"https:\/\/stokcivata.com\/?product=din-980v-kilitli-somun","title":{"rendered":"DIN 980V Kilitli Somun"},"content":{"rendered":"<p><strong>DIN 980V Kendinden Kilitlemeli Somun<\/strong>,\u00a0 i\u00e7 k\u0131sm\u0131nda s\u0131k\u0131\u015ft\u0131rma esas\u0131na dayal\u0131 kilitleme sistemi i\u00e7erir. Montaj s\u0131ras\u0131nda i\u00e7 kilit b\u00f6l\u00fcm\u00fc ise s\u0131k\u0131ld\u0131k\u00e7a ba\u011flant\u0131y\u0131 sabitlemi\u015f olur.<\/p>\n<p><strong>Ba\u015fl\u0131ca Kullan\u0131m Alanlar\u0131:<\/strong><\/p>\n<ul>\n<li>Dinamik montajlarda g\u00fcvenlik ba\u011flant\u0131lar\u0131<\/li>\n<li>Makine birle\u015fim noktalar\u0131<\/li>\n<li>Y\u00fcksek titre\u015fimli ortamlar<\/li>\n<\/ul>\n<p><strong>Teknik \u00d6zellikler:<\/strong><\/p>\n<table>\n<thead>\n<tr>\n<th>Boyut<\/th>\n<th><\/th>\n<th>Kilit Yap\u0131s\u0131<\/th>\n<th>Malzeme<\/th>\n<th>Kaplama<\/th>\n<th>Standart<\/th>\n<\/tr>\n<\/thead>\n<tbody>\n<tr>\n<td>M5 \u2013 M16<\/td>\n<td><\/td>\n<td>\u0130\u00e7 s\u0131k\u0131\u015ft\u0131rmal\u0131 kilit b\u00f6lgesi<\/td>\n<td>\u00c7elik \/ Paslanmaz<\/td>\n<td>\u00c7inko \/ Siyah \/ Paslanmaz<\/td>\n<td>DIN 980V<\/td>\n<\/tr>\n<\/tbody>\n<\/table>\n","protected":false},"excerpt":{"rendered":"<p>DIN 980V Kendinden Kilitlemeli Somun,\u00a0 i\u00e7 k\u0131sm\u0131nda s\u0131k\u0131\u015ft\u0131rma esas\u0131na dayal\u0131 kilitleme sistemi i\u00e7erir. Montaj s\u0131ras\u0131nda i\u00e7 kilit b\u00f6l\u00fcm\u00fc ise s\u0131k\u0131ld\u0131k\u00e7a<\/p>\n","protected":false},"featured_media":42445,"template":"","meta":[],"product_brand":[],"product_cat":[1094],"product_tag":[],"class_list":{"0":"post-6071","1":"product","2":"type-product","3":"status-publish","4":"has-post-thumbnail","6":"product_cat-kilitli-somunlar","7":"pa_kalite-cl-6","8":"pa_kaplama-beyaz","10":"first","11":"instock","12":"shipping-taxable","13":"purchasable","14":"product-type-variable"},"_links":{"self":[{"href":"https:\/\/stokcivata.com\/index.php?rest_route=\/wp\/v2\/product\/6071","targetHints":{"allow":["GET"]}}],"collection":[{"href":"https:\/\/stokcivata.com\/index.php?rest_route=\/wp\/v2\/product"}],"about":[{"href":"https:\/\/stokcivata.com\/index.php?rest_route=\/wp\/v2\/types\/product"}],"wp:featuredmedia":[{"embeddable":true,"href":"https:\/\/stokcivata.com\/index.php?rest_route=\/wp\/v2\/media\/42445"}],"wp:attachment":[{"href":"https:\/\/stokcivata.com\/index.php?rest_route=%2Fwp%2Fv2%2Fmedia&parent=6071"}],"wp:term":[{"taxonomy":"product_brand","embeddable":true,"href":"https:\/\/stokcivata.com\/index.php?rest_route=%2Fwp%2Fv2%2Fproduct_brand&post=6071"},{"taxonomy":"product_cat","embeddable":true,"href":"https:\/\/stokcivata.com\/index.php?rest_route=%2Fwp%2Fv2%2Fproduct_cat&post=6071"},{"taxonomy":"product_tag","embeddable":true,"href":"https:\/\/stokcivata.com\/index.php?rest_route=%2Fwp%2Fv2%2Fproduct_tag&post=6071"}],"curies":[{"name":"wp","href":"https:\/\/api.w.org\/{rel}","templated":true}]}}